{"id":11135,"date":"2025-12-05T14:24:53","date_gmt":"2025-12-05T14:24:53","guid":{"rendered":"https:\/\/www.groepenzeeland.nl\/?post_type=landingspagina&#038;p=11135"},"modified":"2025-12-05T14:39:17","modified_gmt":"2025-12-05T14:39:17","slug":"gruppenunterkunft-fuer-10-personen","status":"publish","type":"page","link":"https:\/\/www.groepenzeeland.nl\/de\/gruppenunterkunft-fuer-10-personen\/","title":{"rendered":"Gruppenunterkunft f\u00fcr 10 Personen"},"content":{"rendered":"<style type=\"text\/css\">\n    .header-heights {\n        height: 60vh;\n    }\n    .header-heights.home {\n        height: 60vh;\n    }\n    @media (max-width: 767px) {\n        .header-heights {\n            height: 30vh;\n        }\n        .header-heights.home {\n            height: 40vh;\n        }\n    }\n<\/style><section class=\"header-img\">\n        <div class=\"img-inner header-heights\" style=\"background-image: url(https:\/\/www.groepenzeeland.nl\/wp-content\/uploads\/2025\/09\/header-1600x613.jpg);\"><div class=\"header_content_innner container\"><div class=\"container zb-container\"><\/div><\/div><\/div><\/section>\n\n\n<h1 class=\"wp-block-heading\">Gruppenunterkunft f\u00fcr 10 Personen in Zeeland<\/h1>\n\n\n\n<p>Suchen Sie nach einem unterhaltsamen Kurzurlaub mit Familie oder Freunden und m\u00f6chten eine tolle Gruppenunterkunft mieten? Wir bieten eine gro\u00dfe Auswahl an Gruppenunterk\u00fcnften f\u00fcr bis zu 10 Personen in Zeeland.<\/p>\n\n\n<div class=\"harbor-main-widget\">\r\n<div is=\"search\"  :is-groepen-user=\"true\" :expandable=\"true\" :config=\"{categories:false, top: false,isDateRangePicker: true  }\" :pre-fill=\"true\" url=\"\/zoekresultaten\">&nbsp;<\/div>\r\n<div is=\"telesto\" :min-people-limit=\"10\" :link-more-info-to-image=\"true\"  theme=\"card\" :allow-multiple-filter-collapse=\"true\" :show-all-accommodations=\"true\" :is-enable-filter=\"true\" :filter-enabled=\"true\" :enableFilter=\"true\" :filters=\"{21:1}\"><\/div>\r\n<\/div>\n\n\n<h2 class=\"wp-block-heading\">Gro\u00dfe Auswahl an Unterk\u00fcnften<\/h2>\n\n\n\n<p>Bei Groepen Zeeland finden Sie eine gro\u00dfe Auswahl an Gruppenunterk\u00fcnften. Planen Sie einen Strandurlaub? Oder bevorzugen Sie eine l\u00e4ndlichere Umgebung? Unsere Such- und Buchungsplattform hilft Ihnen, die perfekte Unterkunft f\u00fcr Ihre Gruppe zu finden.<\/p>\n\n\n\n<h3 class=\"wp-block-heading\">Verf\u00fcgbarkeit sofort pr\u00fcfen<\/h3>\n\n\n\n<p>Sie suchen einen entspannten Urlaub mit einer Gruppe von 10 Personen? Sie m\u00f6chten aber schnell wissen, ob Ihre Wunschunterkunft noch verf\u00fcgbar ist? Geben Sie jetzt Ihre Pr\u00e4ferenzen ein, und wir zeigen Ihnen sofort alle Optionen.<\/p>\n\n\n\n<p>Genie\u00dfen Sie Ihren Urlaub in einer preiswerten Gruppenunterkunft in Zeeland mit GroepenZeeland.<\/p>\n","protected":false},"excerpt":{"rendered":"<p>Gruppenunterkunft f\u00fcr 10 Personen in Zeeland Suchen Sie nach einem unterhaltsamen Kurzurlaub mit Familie oder Freunden und m\u00f6chten eine tolle Gruppenunterkunft mieten? Wir bieten eine gro\u00dfe Auswahl an Gruppenunterk\u00fcnften f\u00fcr bis zu 10 Personen in Zeeland. Gro\u00dfe Auswahl an Unterk\u00fcnften Bei Groepen Zeeland finden Sie eine gro\u00dfe Auswahl an Gruppenunterk\u00fcnften. Planen Sie einen Strandurlaub? Oder [&hellip;]<\/p>\n","protected":false},"author":1,"featured_media":9633,"parent":0,"menu_order":0,"comment_status":"closed","ping_status":"closed","template":"","meta":{"_acf_changed":true,"_tz_page_kind":"landing","footnotes":""},"class_list":["post-11135","page","type-page","status-publish","has-post-thumbnail","hentry"],"acf":[],"_links":{"self":[{"href":"https:\/\/www.groepenzeeland.nl\/de\/wp-json\/wp\/v2\/pages\/11135","targetHints":{"allow":["GET"]}}],"collection":[{"href":"https:\/\/www.groepenzeeland.nl\/de\/wp-json\/wp\/v2\/pages"}],"about":[{"href":"https:\/\/www.groepenzeeland.nl\/de\/wp-json\/wp\/v2\/types\/page"}],"author":[{"embeddable":true,"href":"https:\/\/www.groepenzeeland.nl\/de\/wp-json\/wp\/v2\/users\/1"}],"replies":[{"embeddable":true,"href":"https:\/\/www.groepenzeeland.nl\/de\/wp-json\/wp\/v2\/comments?post=11135"}],"version-history":[{"count":0,"href":"https:\/\/www.groepenzeeland.nl\/de\/wp-json\/wp\/v2\/pages\/11135\/revisions"}],"wp:featuredmedia":[{"embeddable":true,"href":"https:\/\/www.groepenzeeland.nl\/de\/wp-json\/wp\/v2\/media\/9633"}],"wp:attachment":[{"href":"https:\/\/www.groepenzeeland.nl\/de\/wp-json\/wp\/v2\/media?parent=11135"}],"curies":[{"name":"wp","href":"https:\/\/api.w.org\/{rel}","templated":true}]}}