{"id":11007,"date":"2025-09-02T09:08:45","date_gmt":"2025-09-02T09:08:45","guid":{"rendered":"https:\/\/www.groepenzeeland.nl\/de\/"},"modified":"2025-11-06T14:10:38","modified_gmt":"2025-11-06T14:10:38","slug":"familienwochenende-in-zeeland","status":"publish","type":"page","link":"https:\/\/www.groepenzeeland.nl\/de\/familienwochenende-in-zeeland\/","title":{"rendered":"Familienwochenende in Zeeland"},"content":{"rendered":"<style type=\"text\/css\">\n    .header-heights {\n        height: 60vh;\n    }\n    .header-heights.home {\n        height: 60vh;\n    }\n    @media (max-width: 767px) {\n        .header-heights {\n            height: 30vh;\n        }\n        .header-heights.home {\n            height: 40vh;\n        }\n    }\n<\/style><section class=\"header-img\">\n        <div class=\"img-inner header-heights\" style=\"background-image: url(https:\/\/www.groepenzeeland.nl\/wp-content\/uploads\/2025\/09\/header-1600x613.jpg);\"><div class=\"header_content_innner container\"><div class=\"container zb-container\"><\/div><\/div><\/div><\/section>\n\n\n<h1 class=\"wp-block-heading\">Ein unterhaltsames Familienwochenende in Zeeland beginnt auf GroepenZeeland.nl<\/h1>\n\n\n\n<p>Suchen Sie nach einem fantastischen Familienwochenende in Zeeland? Buchen Sie eine unserer tollen Gruppenunterk\u00fcnfte und erleben Sie ein unvergessliches Wochenende. GroepenZeeland bietet unz\u00e4hlige M\u00f6glichkeiten. Von preiswerten Unterk\u00fcnften bis hin zu luxuri\u00f6sen Familienresorts mit gro\u00dfem Aufenthaltsraum f\u00fcr gesellige Familientreffen und\/oder verschiedenen Spielm\u00f6glichkeiten f\u00fcr Kinder. Zeeland ist au\u00dferdem der perfekte Ort f\u00fcr abwechslungsreiche Gruppenaktivit\u00e4ten f\u00fcr alle Altersgruppen.<\/p>\n\n\n\n<h1 class=\"wp-block-heading\">Suchen Sie direkt in unserem Angebot an Familienunterk\u00fcnften.<\/h1>\n\n\n\n<p>GroepenZeeland bietet Ihnen einen umfassenden \u00dcberblick \u00fcber alle einzigartigen Einrichtungen und M\u00f6glichkeiten. Nutzen Sie unsere Such- und Buchungsfunktion, um schnell und einfach die beste Gruppenunterkunft f\u00fcr ein Familienwochenende in Zeeland zu buchen \u2013 ganz nach Ihren Bed\u00fcrfnissen.<\/p>\n\n\n<div class=\"harbor-main-widget\">\r\n<div is=\"search\"  :is-groepen-user=\"true\" :expandable=\"true\" :config=\"{categories:false, top: false,isDateRangePicker: true  }\" :pre-fill=\"true\" url=\"\/zoekresultaten\">&nbsp;<\/div>\r\n<div is=\"telesto\"  :link-more-info-to-image=\"true\"  theme=\"card\" :allow-multiple-filter-collapse=\"true\" :show-all-accommodations=\"true\" :is-enable-filter=\"true\" :filter-enabled=\"true\" :enableFilter=\"true\" :filters=\"{20:1}\"><\/div>\r\n<\/div>\n\n\n<h3 class=\"wp-block-heading\">Familienwochenende in Zeeland \u2013 hervorragende Einrichtungen<\/h3>\n\n\n\n<p>Die Gruppenunterk\u00fcnfte von GroepenZeeland bieten alles, was Sie f\u00fcr einen unvergesslichen Familienurlaub in Zeeland ben\u00f6tigen. F\u00fcttern Sie mit Ihren Kindern die Ziegen auf einem Ferienbauernhof oder entspannen Sie sich in einer luxuri\u00f6sen Gruppenunterkunft mit Sauna. F\u00fcr Ihr Familienwochenende in Zeeland finden Sie garantiert die passende Unterkunft.<\/p>\n\n\n\n<h3 class=\"wp-block-heading\">Die besten Familienaktivit\u00e4ten f\u00fcr ein Familienwochenende in Zeeland<\/h3>\n\n\n\n<p>Verbringen Sie ein unvergessliches Familienwochenende am Meer, in der einzigartigen D\u00fcnenlandschaft oder inmitten der W\u00e4lder Zeelands. Unternehmen Sie eine fantastische Wanderung oder Radtour vorbei an den sch\u00f6nsten D\u00f6rfern und Sehensw\u00fcrdigkeiten Zeelands oder besuchen Sie den Deltapark Neeltje Jans, machen Sie eine Bootsfahrt auf der Oosterschelde und den fantastischen Aquapark. Suchen Sie nach einer Familienaktivit\u00e4t speziell f\u00fcr Kinder? Dann sind der Tropenzoo Berkenhof und der Kletterwald Klimbos Zeeuwse Helden sehr zu empfehlen!<\/p>\n\n\n\n<p>Erleben Sie mit GroepenZeeland ein unvergessliches Familienwochenende am Meer in Zeeland.<\/p>\n","protected":false},"excerpt":{"rendered":"<p>Ein unterhaltsames Familienwochenende in Zeeland beginnt auf GroepenZeeland.nl Suchen Sie nach einem fantastischen Familienwochenende in Zeeland? Buchen Sie eine unserer tollen Gruppenunterk\u00fcnfte und erleben Sie ein unvergessliches Wochenende. GroepenZeeland bietet unz\u00e4hlige M\u00f6glichkeiten. Von preiswerten Unterk\u00fcnften bis hin zu luxuri\u00f6sen Familienresorts mit gro\u00dfem Aufenthaltsraum f\u00fcr gesellige Familientreffen und\/oder verschiedenen Spielm\u00f6glichkeiten f\u00fcr Kinder. Zeeland ist au\u00dferdem der [&hellip;]<\/p>\n","protected":false},"author":1,"featured_media":10706,"parent":0,"menu_order":0,"comment_status":"closed","ping_status":"closed","template":"","meta":{"_acf_changed":false,"_tz_page_kind":"landing","footnotes":""},"class_list":["post-11007","page","type-page","status-publish","has-post-thumbnail","hentry"],"acf":[],"_links":{"self":[{"href":"https:\/\/www.groepenzeeland.nl\/de\/wp-json\/wp\/v2\/pages\/11007","targetHints":{"allow":["GET"]}}],"collection":[{"href":"https:\/\/www.groepenzeeland.nl\/de\/wp-json\/wp\/v2\/pages"}],"about":[{"href":"https:\/\/www.groepenzeeland.nl\/de\/wp-json\/wp\/v2\/types\/page"}],"author":[{"embeddable":true,"href":"https:\/\/www.groepenzeeland.nl\/de\/wp-json\/wp\/v2\/users\/1"}],"replies":[{"embeddable":true,"href":"https:\/\/www.groepenzeeland.nl\/de\/wp-json\/wp\/v2\/comments?post=11007"}],"version-history":[{"count":0,"href":"https:\/\/www.groepenzeeland.nl\/de\/wp-json\/wp\/v2\/pages\/11007\/revisions"}],"wp:featuredmedia":[{"embeddable":true,"href":"https:\/\/www.groepenzeeland.nl\/de\/wp-json\/wp\/v2\/media\/10706"}],"wp:attachment":[{"href":"https:\/\/www.groepenzeeland.nl\/de\/wp-json\/wp\/v2\/media?parent=11007"}],"curies":[{"name":"wp","href":"https:\/\/api.w.org\/{rel}","templated":true}]}}