{"id":11006,"date":"2025-09-02T09:31:27","date_gmt":"2025-09-02T09:31:27","guid":{"rendered":"https:\/\/www.groepenzeeland.nl\/de\/"},"modified":"2025-11-06T14:06:47","modified_gmt":"2025-11-06T14:06:47","slug":"schoene-haeuser-in-zeeland","status":"publish","type":"page","link":"https:\/\/www.groepenzeeland.nl\/de\/schoene-haeuser-in-zeeland\/","title":{"rendered":"Sch\u00f6ne H\u00e4user in Zeeland"},"content":{"rendered":"<style type=\"text\/css\">\n    .header-heights {\n        height: 60vh;\n    }\n    .header-heights.home {\n        height: 60vh;\n    }\n    @media (max-width: 767px) {\n        .header-heights {\n            height: 30vh;\n        }\n        .header-heights.home {\n            height: 40vh;\n        }\n    }\n<\/style><section class=\"header-img\">\n        <div class=\"img-inner header-heights\" style=\"background-image: url(https:\/\/www.groepenzeeland.nl\/wp-content\/uploads\/2025\/09\/header-1600x613.jpg);\"><div class=\"header_content_innner container\"><div class=\"container zb-container\"><\/div><\/div><\/div><\/section>\n\n\n<h1 class=\"wp-block-heading\">Sch\u00f6ne H\u00e4user in Zeeland \u2013 Gruppen Zeeland<\/h1>\n\n\n\n<p>Mieten Sie eines der wundersch\u00f6nen Ferienh\u00e4user in Zeeland mit GroepenZeeland und genie\u00dfen Sie einen unvergesslichen Aufenthalt mit Familie, Freunden oder Kollegen. Wir bieten \u00fcber 55 traumhafte Ferienh\u00e4user f\u00fcr Gruppen an. Ob luxuri\u00f6s oder einfach \u2013 bei uns findet jeder das Richtige. Mit unserer Such- und Buchungsfunktion k\u00f6nnen Sie schnell und unkompliziert Ihr Traumhaus in Zeeland buchen.<\/p>\n\n\n\n<h2 class=\"wp-block-heading\">Durchsuchen Sie direkt unsere Auswahl an \u201eSch\u00f6nen H\u00e4usern in Zeeland\u201c.<\/h2>\n\n\n\n<p>Bei Fragen oder W\u00fcnschen k\u00f6nnen Sie sich jederzeit an uns wenden. Um Ihnen die Suche so einfach wie m\u00f6glich zu machen, haben wir eine \u00dcbersicht \u00fcber mehr als 55 wundersch\u00f6ne Ferienh\u00e4user in Zeeland zusammengestellt. Mit der Such- und Buchungsfunktion von GroepenZeeland finden Sie ganz einfach das perfekte Ferienhaus f\u00fcr sich und Ihre Gruppe.<\/p>\n\n\n<div class=\"harbor-main-widget\">\r\n<div is=\"search\"  :is-groepen-user=\"true\" :expandable=\"true\" :config=\"{categories:false, top: false,isDateRangePicker: true  }\" :pre-fill=\"true\" url=\"\/zoekresultaten\">&nbsp;<\/div>\r\n<div is=\"telesto\"  :link-more-info-to-image=\"true\"  theme=\"card\" :allow-multiple-filter-collapse=\"true\" :show-all-accommodations=\"true\" :is-enable-filter=\"true\" :filter-enabled=\"true\" :enableFilter=\"true\"><\/div>\r\n<\/div>\n\n\n<h3 class=\"wp-block-heading\">Verschiedene sch\u00f6ne H\u00e4user in Zeeland<\/h3>\n\n\n\n<p>Unsere traumhaften Ferienh\u00e4user in Zeeland bieten erstklassige Ausstattung. Jedes Haus ist einzigartig. Sie finden Unterk\u00fcnfte direkt am Strand, hinter den D\u00fcnen oder in der N\u00e4he malerischer D\u00f6rfer und der wundersch\u00f6nen Landschaft Zeelands. W\u00fcnschen Sie sich mehr Luxus? Wir bieten Ihnen traumhafte Ferienh\u00e4user in Zeeland mit Sauna, Whirlpool oder Swimmingpool.<\/p>\n\n\n\n<h3 class=\"wp-block-heading\">Genie\u00dfen Sie einen erlebnisreichen Tag w\u00e4hrend Ihres Aufenthalts in unseren sch\u00f6nen Ferienh\u00e4usern in Zeeland.<\/h3>\n\n\n\n<p>Verbinden Sie Ihren Aufenthalt in unseren charmanten Ferienh\u00e4usern in Zeeland mit abwechslungsreichen Aktivit\u00e4ten! In Zeeland gibt es viel zu entdecken und zu erleben. Beobachten Sie Robben auf der Oosterschelde, genie\u00dfen Sie wundersch\u00f6ne Strandspazierg\u00e4nge und probieren Sie verschiedene Wassersportarten aus. Erkunden Sie die malerischen K\u00fcstenorte und gr\u00f6\u00dferen St\u00e4dte f\u00fcr die sch\u00f6nsten Tagesausfl\u00fcge.<\/p>\n\n\n\n<p>Buchen Sie mit GroepenZeeland schnell und einfach eines der sch\u00f6nen H\u00e4user in Zeeland!<\/p>\n","protected":false},"excerpt":{"rendered":"<p>Sch\u00f6ne H\u00e4user in Zeeland \u2013 Gruppen Zeeland Mieten Sie eines der wundersch\u00f6nen Ferienh\u00e4user in Zeeland mit GroepenZeeland und genie\u00dfen Sie einen unvergesslichen Aufenthalt mit Familie, Freunden oder Kollegen. Wir bieten \u00fcber 55 traumhafte Ferienh\u00e4user f\u00fcr Gruppen an. Ob luxuri\u00f6s oder einfach \u2013 bei uns findet jeder das Richtige. Mit unserer Such- und Buchungsfunktion k\u00f6nnen Sie [&hellip;]<\/p>\n","protected":false},"author":1,"featured_media":10739,"parent":0,"menu_order":0,"comment_status":"closed","ping_status":"closed","template":"","meta":{"_acf_changed":false,"_tz_page_kind":"default","footnotes":""},"class_list":["post-11006","page","type-page","status-publish","has-post-thumbnail","hentry"],"acf":[],"_links":{"self":[{"href":"https:\/\/www.groepenzeeland.nl\/de\/wp-json\/wp\/v2\/pages\/11006","targetHints":{"allow":["GET"]}}],"collection":[{"href":"https:\/\/www.groepenzeeland.nl\/de\/wp-json\/wp\/v2\/pages"}],"about":[{"href":"https:\/\/www.groepenzeeland.nl\/de\/wp-json\/wp\/v2\/types\/page"}],"author":[{"embeddable":true,"href":"https:\/\/www.groepenzeeland.nl\/de\/wp-json\/wp\/v2\/users\/1"}],"replies":[{"embeddable":true,"href":"https:\/\/www.groepenzeeland.nl\/de\/wp-json\/wp\/v2\/comments?post=11006"}],"version-history":[{"count":0,"href":"https:\/\/www.groepenzeeland.nl\/de\/wp-json\/wp\/v2\/pages\/11006\/revisions"}],"wp:featuredmedia":[{"embeddable":true,"href":"https:\/\/www.groepenzeeland.nl\/de\/wp-json\/wp\/v2\/media\/10739"}],"wp:attachment":[{"href":"https:\/\/www.groepenzeeland.nl\/de\/wp-json\/wp\/v2\/media?parent=11006"}],"curies":[{"name":"wp","href":"https:\/\/api.w.org\/{rel}","templated":true}]}}