{"id":11005,"date":"2025-09-02T11:51:33","date_gmt":"2025-09-02T11:51:33","guid":{"rendered":"https:\/\/www.groepenzeeland.nl\/de\/"},"modified":"2025-11-06T14:02:38","modified_gmt":"2025-11-06T14:02:38","slug":"tagungen-und-uebernachtungen-in-zeeland","status":"publish","type":"page","link":"https:\/\/www.groepenzeeland.nl\/de\/tagungen-und-uebernachtungen-in-zeeland\/","title":{"rendered":"Tagungen und \u00dcbernachtungen in Zeeland"},"content":{"rendered":"<style type=\"text\/css\">\n    .header-heights {\n        height: 60vh;\n    }\n    .header-heights.home {\n        height: 60vh;\n    }\n    @media (max-width: 767px) {\n        .header-heights {\n            height: 30vh;\n        }\n        .header-heights.home {\n            height: 40vh;\n        }\n    }\n<\/style><section class=\"header-img\">\n        <div class=\"img-inner header-heights\" style=\"background-image: url(https:\/\/www.groepenzeeland.nl\/wp-content\/uploads\/2025\/09\/header-1600x613.jpg);\"><div class=\"header_content_innner container\"><div class=\"container zb-container\"><\/div><\/div><\/div><\/section>\n\n\n<h1 class=\"wp-block-heading\">Tagungen und \u00dcbernachtungen in Zeeland: Entdecken Sie die besten Tagungsorte!<\/h1>\n\n\n\n<p>Suchen Sie nach einem Tagungsort mit \u00dcbernachtung in Zeeland? Mit GroepenZeeland buchen Sie schnell und einfach komfortable Unterk\u00fcnfte. W\u00e4hlen Sie Ihren idealen Tagungsort in Zeeland und buchen Sie eine Unterkunft mit der gew\u00fcnschten Ausstattung, z. B. Tagungsraum, Beamer und\/oder Flipchart.<\/p>\n\n\n\n<h2 class=\"wp-block-heading\">Treffen und \u00dcbernachtung an einem Ort, suchen Sie direkt in unserem Angebot:<\/h2>\n\n\n\n<p>Ein Gesch\u00e4ftsreiseaufenthalt in Zeeland l\u00e4sst sich ideal mit Teambuilding-Ma\u00dfnahmen und unterhaltsamen Betriebsausfl\u00fcgen verbinden, beispielsweise mit einer Solex-Tour oder einem Yoga-Kurs zur Entspannung. Die D\u00f6rfer und St\u00e4dte Zeelands bieten zudem hervorragende Restaurants f\u00fcr Mittag- und Abendessen jeder Art.<\/p>\n\n\n\n<p>Durchsuchen Sie unten unsere Auswahl an Gruppenunterk\u00fcnften f\u00fcr Tagungen und \u00dcbernachtungen in Zeeland und fordern Sie eine unverbindliche Reservierung an.<\/p>\n\n\n<div class=\"harbor-main-widget\">\r\n<div is=\"search\"  :is-groepen-user=\"true\" :expandable=\"true\" :config=\"{categories:false, top: false,isDateRangePicker: true  }\" :pre-fill=\"true\" url=\"\/zoekresultaten\">&nbsp;<\/div>\r\n<div is=\"telesto\"  :link-more-info-to-image=\"true\"  theme=\"card\" :allow-multiple-filter-collapse=\"true\" :show-all-accommodations=\"true\" :is-enable-filter=\"true\" :filter-enabled=\"true\" :enableFilter=\"true\" :filters=\"{21:1}\"><\/div>\r\n<\/div>\n\n\n<h3 class=\"wp-block-heading\">Kombinieren Sie Tagungen und \u00dcbernachtungen in Zeeland mit Teambuilding<\/h3>\n\n\n\n<p>Sie k\u00f6nnen Ihre Meetings und \u00dcbernachtungen in Zeeland nat\u00fcrlich mit einem anspruchsvollen Teambuilding-Event verbinden. Unternehmen Sie gemeinsam einen Segelt\u00f6rn auf einer Luxusyacht in der Oosterschelde inklusive Abendessen oder w\u00e4hlen Sie aus interessanten Workshops, wie zum Beispiel einem Cocktailkurs oder der Erstellung eines Lip-Dub- oder Musikvideos mit Ihren Kollegen. In Kombination mit Teambuilding werden Ihre Gesch\u00e4ftstreffen noch wertvoller.<\/p>\n\n\n\n<h3 class=\"wp-block-heading\">Unterhaltsame Betriebsausfl\u00fcge<\/h3>\n\n\n\n<p>Zeeland ist auch der perfekte Ausgangspunkt f\u00fcr unterhaltsame Betriebsausfl\u00fcge mit Kollegen. Wie w\u00e4re es mit Blokartfahren und Powerkiting am Strand von Brouwershaven oder ArcheryTag, einer Kombination aus Paintball und Bogenschie\u00dfen? Bei aktiven Betriebsausfl\u00fcgen in Zeeland k\u00f6nnen Sie sich auch mit Kollegen messen. Zum Beispiel bei \u201eThe Team Battle\u201c, wo Sie bei vier anspruchsvollen Outdoor-Aktivit\u00e4ten so viele Punkte wie m\u00f6glich erzielen m\u00fcssen, oder bei \u201eGo Extreme\u201c, einer Kombination aus Paintball, Buggyfahren und Bananenbootfahren in Oesterdam!<\/p>\n\n\n\n<p>Noch nie war es so einfach, sich in Zeeland zu treffen und dort zu \u00fcbernachten!<\/p>\n","protected":false},"excerpt":{"rendered":"<p>Tagungen und \u00dcbernachtungen in Zeeland: Entdecken Sie die besten Tagungsorte! Suchen Sie nach einem Tagungsort mit \u00dcbernachtung in Zeeland? Mit GroepenZeeland buchen Sie schnell und einfach komfortable Unterk\u00fcnfte. W\u00e4hlen Sie Ihren idealen Tagungsort in Zeeland und buchen Sie eine Unterkunft mit der gew\u00fcnschten Ausstattung, z. B. Tagungsraum, Beamer und\/oder Flipchart. Treffen und \u00dcbernachtung an einem [&hellip;]<\/p>\n","protected":false},"author":1,"featured_media":10575,"parent":0,"menu_order":0,"comment_status":"closed","ping_status":"closed","template":"","meta":{"_acf_changed":false,"_tz_page_kind":"landing","footnotes":""},"class_list":["post-11005","page","type-page","status-publish","has-post-thumbnail","hentry"],"acf":[],"_links":{"self":[{"href":"https:\/\/www.groepenzeeland.nl\/de\/wp-json\/wp\/v2\/pages\/11005","targetHints":{"allow":["GET"]}}],"collection":[{"href":"https:\/\/www.groepenzeeland.nl\/de\/wp-json\/wp\/v2\/pages"}],"about":[{"href":"https:\/\/www.groepenzeeland.nl\/de\/wp-json\/wp\/v2\/types\/page"}],"author":[{"embeddable":true,"href":"https:\/\/www.groepenzeeland.nl\/de\/wp-json\/wp\/v2\/users\/1"}],"replies":[{"embeddable":true,"href":"https:\/\/www.groepenzeeland.nl\/de\/wp-json\/wp\/v2\/comments?post=11005"}],"version-history":[{"count":0,"href":"https:\/\/www.groepenzeeland.nl\/de\/wp-json\/wp\/v2\/pages\/11005\/revisions"}],"wp:featuredmedia":[{"embeddable":true,"href":"https:\/\/www.groepenzeeland.nl\/de\/wp-json\/wp\/v2\/media\/10575"}],"wp:attachment":[{"href":"https:\/\/www.groepenzeeland.nl\/de\/wp-json\/wp\/v2\/media?parent=11005"}],"curies":[{"name":"wp","href":"https:\/\/api.w.org\/{rel}","templated":true}]}}