{"id":11004,"date":"2025-09-03T10:57:39","date_gmt":"2025-09-03T10:57:39","guid":{"rendered":"https:\/\/www.groepenzeeland.nl\/de\/"},"modified":"2025-11-06T13:59:55","modified_gmt":"2025-11-06T13:59:55","slug":"schullager-zeeland","status":"publish","type":"page","link":"https:\/\/www.groepenzeeland.nl\/de\/schullager-zeeland\/","title":{"rendered":"Schullager Zeeland"},"content":{"rendered":"<style type=\"text\/css\">\n    .header-heights {\n        height: 60vh;\n    }\n    .header-heights.home {\n        height: 60vh;\n    }\n    @media (max-width: 767px) {\n        .header-heights {\n            height: 30vh;\n        }\n        .header-heights.home {\n            height: 40vh;\n        }\n    }\n<\/style><section class=\"header-img\">\n        <div class=\"img-inner header-heights\" style=\"background-image: url(https:\/\/www.groepenzeeland.nl\/wp-content\/uploads\/2025\/09\/header-1600x613.jpg);\"><div class=\"header_content_innner container\"><div class=\"container zb-container\"><\/div><\/div><\/div><\/section>\n\n\n<h1 class=\"wp-block-heading\">Die besten Gruppenunterk\u00fcnfte f\u00fcr ein unvergessliches Schullager oder eine Schulfahrt in Zeeland<\/h1>\n\n\n\n<p>Planen Sie ein Schullandheim in Zeeland? Bei GroepenZeeland finden Sie die g\u00fcnstigsten Gruppenunterk\u00fcnfte und spannende Gruppenaktivit\u00e4ten f\u00fcr ein unvergessliches Schullandheim. Mit unserer benutzerfreundlichen Such- und Buchungsfunktion k\u00f6nnen Sie schnell und einfach Gruppenunterk\u00fcnfte mit hervorragender Ausstattung buchen, z. B. mit Spielbereichen und\/oder einem gro\u00dfen Gemeinschaftsraum f\u00fcr ein gem\u00fctliches Fr\u00fchst\u00fcck oder ein abwechslungsreiches Programm. Die Umgebung bietet zudem unz\u00e4hlige M\u00f6glichkeiten f\u00fcr spannende Gruppenaktivit\u00e4ten, wie z. B. einen Ausflug in den Wald oder eine abenteuerliche Schifffahrt auf den Gew\u00e4ssern Zeelands \u2013 erleben Sie ein fantastisches Schullandheim in Zeeland!<\/p>\n\n\n<div class=\"harbor-main-widget\">\r\n<div is=\"search\"  :is-groepen-user=\"true\" :expandable=\"true\" :config=\"{categories:false, top: false,isDateRangePicker: true  }\" :pre-fill=\"true\" url=\"\/zoekresultaten\">&nbsp;<\/div>\r\n<div is=\"telesto\"  :link-more-info-to-image=\"true\"  theme=\"card\" :allow-multiple-filter-collapse=\"true\" :show-all-accommodations=\"true\" :is-enable-filter=\"true\" :filter-enabled=\"true\" :enableFilter=\"true\" :filters=\"{18:1}\"><\/div>\r\n<\/div>\n\n\n<h3 class=\"wp-block-heading\">Die besten Gruppenaktivit\u00e4ten w\u00e4hrend eines Schullagers<\/h3>\n\n\n\n<p>Neben lustigen Spielen und Gruppenaktivit\u00e4ten in und um die Unterk\u00fcnfte bietet Zeeland eine riesige Auswahl an spannenden Gruppenaktivit\u00e4ten. Von Paintball, Bowling und Minigolf bis hin zu beeindruckenden Museen, Schwimmb\u00e4dern und atemberaubenden Naturschutzgebieten \u2013 ein Schullandheim in Zeeland kann so abwechslungsreich sein, wie Sie es sich w\u00fcnschen. Alles ist m\u00f6glich, die M\u00f6glichkeiten sind grenzenlos. Auch ein Tagesausflug nach Belgien ist m\u00f6glich. Dieses Schullandheim wird garantiert unvergesslich!<\/p>\n\n\n\n<h3 class=\"wp-block-heading\">Alle zusammen auf einer Schulfahrt nach Zeeland<\/h3>\n\n\n\n<p>Zeeland bietet auch die perfekte Gelegenheit f\u00fcr einen fantastischen Klassenausflug. Erleben Sie ein Abenteuer und entdecken Sie die Tierwelt im Tropenzoo Berkenhof oder lernen Sie die vielf\u00e4ltigen Wasserattraktionen und die Meeresbewohner im Deltapark Neeltje Jans kennen. Das Wassernotfallmuseum in Ouwerkerk und das Obstmuseum in Kapelle, nahe der K\u00fcste, sind ebenfalls tolle Tipps f\u00fcr eine unterhaltsame Nachmittagspause w\u00e4hrend einer Klassenfahrt in Zeeland.<\/p>\n","protected":false},"excerpt":{"rendered":"<p>Die besten Gruppenunterk\u00fcnfte f\u00fcr ein unvergessliches Schullager oder eine Schulfahrt in Zeeland Planen Sie ein Schullandheim in Zeeland? Bei GroepenZeeland finden Sie die g\u00fcnstigsten Gruppenunterk\u00fcnfte und spannende Gruppenaktivit\u00e4ten f\u00fcr ein unvergessliches Schullandheim. Mit unserer benutzerfreundlichen Such- und Buchungsfunktion k\u00f6nnen Sie schnell und einfach Gruppenunterk\u00fcnfte mit hervorragender Ausstattung buchen, z. B. mit Spielbereichen und\/oder einem gro\u00dfen [&hellip;]<\/p>\n","protected":false},"author":1,"featured_media":10706,"parent":0,"menu_order":0,"comment_status":"closed","ping_status":"closed","template":"","meta":{"_acf_changed":false,"_tz_page_kind":"landing","footnotes":""},"class_list":["post-11004","page","type-page","status-publish","has-post-thumbnail","hentry"],"acf":[],"_links":{"self":[{"href":"https:\/\/www.groepenzeeland.nl\/de\/wp-json\/wp\/v2\/pages\/11004","targetHints":{"allow":["GET"]}}],"collection":[{"href":"https:\/\/www.groepenzeeland.nl\/de\/wp-json\/wp\/v2\/pages"}],"about":[{"href":"https:\/\/www.groepenzeeland.nl\/de\/wp-json\/wp\/v2\/types\/page"}],"author":[{"embeddable":true,"href":"https:\/\/www.groepenzeeland.nl\/de\/wp-json\/wp\/v2\/users\/1"}],"replies":[{"embeddable":true,"href":"https:\/\/www.groepenzeeland.nl\/de\/wp-json\/wp\/v2\/comments?post=11004"}],"version-history":[{"count":0,"href":"https:\/\/www.groepenzeeland.nl\/de\/wp-json\/wp\/v2\/pages\/11004\/revisions"}],"wp:featuredmedia":[{"embeddable":true,"href":"https:\/\/www.groepenzeeland.nl\/de\/wp-json\/wp\/v2\/media\/10706"}],"wp:attachment":[{"href":"https:\/\/www.groepenzeeland.nl\/de\/wp-json\/wp\/v2\/media?parent=11004"}],"curies":[{"name":"wp","href":"https:\/\/api.w.org\/{rel}","templated":true}]}}