{"id":11003,"date":"2025-09-03T11:01:22","date_gmt":"2025-09-03T11:01:22","guid":{"rendered":"https:\/\/www.groepenzeeland.nl\/de\/"},"modified":"2025-11-06T13:57:37","modified_gmt":"2025-11-06T13:57:37","slug":"angepasste-gruppenunterkunft","status":"publish","type":"page","link":"https:\/\/www.groepenzeeland.nl\/de\/angepasste-gruppenunterkunft\/","title":{"rendered":"Angepasste Gruppenunterkunft"},"content":{"rendered":"<style type=\"text\/css\">\n    .header-heights {\n        height: 60vh;\n    }\n    .header-heights.home {\n        height: 60vh;\n    }\n    @media (max-width: 767px) {\n        .header-heights {\n            height: 30vh;\n        }\n        .header-heights.home {\n            height: 40vh;\n        }\n    }\n<\/style><section class=\"header-img\">\n        <div class=\"img-inner header-heights\" style=\"background-image: url(https:\/\/www.groepenzeeland.nl\/wp-content\/uploads\/2025\/09\/header-1600x613.jpg);\"><div class=\"header_content_innner container\"><div class=\"container zb-container\"><\/div><\/div><\/div><\/section>\n\n\n<h1 class=\"wp-block-heading\">Angepasste Gruppenunterk\u00fcnfte in Zeeland<\/h1>\n\n\n\n<p>Auf GroepenZeeland.nl finden Sie charmante, barrierefreie Gruppenunterk\u00fcnfte in Zeeland. Diese Unterk\u00fcnfte sind speziell f\u00fcr Menschen mit Behinderungen und Pflegebed\u00fcrftige konzipiert. Wir setzen alles daran, Ihnen einen angenehmen Aufenthalt zu erm\u00f6glichen. Spezielle Hilfsmittel und Pflegeleistungen sind verf\u00fcgbar oder k\u00f6nnen organisiert werden. Die Region Zeeland bietet zudem fantastische Aktivit\u00e4ten und viele sch\u00f6ne (rollstuhlgerechte) Orte. Erleben Sie einen unbeschwerten Urlaub in den barrierefreien Gruppenunterk\u00fcnften von GroepenZeeland.<\/p>\n\n\n\n<h2 class=\"wp-block-heading\">Suchen Sie direkt in unserem Angebot an Unterk\u00fcnften f\u00fcr den Gesundheitsbereich.<\/h2>\n\n\n\n<p>Suchen Sie nach einem einzigartigen Aufenthalt in der wundersch\u00f6nen Landschaft von Zeeland? Buchen Sie Ihre ideale barrierefreie Gruppenunterkunft oder Pflegeeinrichtung in Zeeland schnell und einfach mit unserer unkomplizierten Such- und Buchungsfunktion!<\/p>\n\n\n<div class=\"harbor-main-widget\">\r\n<div is=\"search\"  :is-groepen-user=\"true\" :expandable=\"true\" :config=\"{categories:false, top: false,isDateRangePicker: true  }\" :pre-fill=\"true\" url=\"\/zoekresultaten\">&nbsp;<\/div>\r\n<div is=\"telesto\"  :link-more-info-to-image=\"true\"  theme=\"card\" :allow-multiple-filter-collapse=\"true\" :show-all-accommodations=\"true\" :is-enable-filter=\"true\" :filter-enabled=\"true\" :enableFilter=\"true\" :filters=\"{19:1}\"><\/div>\r\n<\/div>\n\n\n<h3 class=\"wp-block-heading\">Genie\u00dfen Sie einen unbeschwerten Urlaub in unseren barrierefreien Unterk\u00fcnften.<\/h3>\n\n\n\n<p>Wir bieten Ihnen einen umfassenden und \u00fcbersichtlichen \u00dcberblick \u00fcber alle Optionen und hervorragenden Einrichtungen f\u00fcr Menschen mit Behinderungen und Pflegebed\u00fcrftige. Bei GroepenZeeland finden Sie garantiert die perfekte, barrierefreie Gruppenunterkunft in Zeeland, die genau auf Ihre Bed\u00fcrfnisse zugeschnitten ist. Wir bieten beispielsweise Pflegezimmer mit barrierefreien Zimmern und verbreiterten Durchg\u00e4ngen, barrierefreien Badezimmern und Schlafzimmern mit komfortablen, verstellbaren Betten.<\/p>\n\n\n\n<h3 class=\"wp-block-heading\">Die besten Ausflugsziele f\u00fcr Menschen mit Behinderungen<\/h3>\n\n\n\n<p>Neugierig auf die sch\u00f6nsten Ausflugsziele in Zeeland f\u00fcr Menschen mit Behinderungen und Betreuungsbed\u00fcrftige w\u00e4hrend Ihres Aufenthalts in einer unserer barrierefreien Gruppenunterk\u00fcnfte? Entdecken Sie ein St\u00fcck S\u00fcdafrika in Zeeland und besuchen Sie die Strau\u00dfenfarm Monnikenwerve oder genie\u00dfen Sie eine spektakul\u00e4re Show im Zuidlandtheater in Terneuzen. Es gibt auch nichts Sch\u00f6neres, als die atemberaubenden Naturschutzgebiete oder die sanften D\u00fcnenlandschaften Zeelands zu erkunden. Und vergessen Sie Ihre Kamera nicht, um die sch\u00f6nsten Erinnerungen w\u00e4hrend Ihres Aufenthalts in einer unserer barrierefreien Gruppenunterk\u00fcnfte in Zeeland festzuhalten.<\/p>\n","protected":false},"excerpt":{"rendered":"<p>Angepasste Gruppenunterk\u00fcnfte in Zeeland Auf GroepenZeeland.nl finden Sie charmante, barrierefreie Gruppenunterk\u00fcnfte in Zeeland. Diese Unterk\u00fcnfte sind speziell f\u00fcr Menschen mit Behinderungen und Pflegebed\u00fcrftige konzipiert. Wir setzen alles daran, Ihnen einen angenehmen Aufenthalt zu erm\u00f6glichen. Spezielle Hilfsmittel und Pflegeleistungen sind verf\u00fcgbar oder k\u00f6nnen organisiert werden. Die Region Zeeland bietet zudem fantastische Aktivit\u00e4ten und viele sch\u00f6ne (rollstuhlgerechte) [&hellip;]<\/p>\n","protected":false},"author":1,"featured_media":10706,"parent":0,"menu_order":0,"comment_status":"closed","ping_status":"closed","template":"","meta":{"_acf_changed":false,"_tz_page_kind":"landing","footnotes":""},"class_list":["post-11003","page","type-page","status-publish","has-post-thumbnail","hentry"],"acf":[],"_links":{"self":[{"href":"https:\/\/www.groepenzeeland.nl\/de\/wp-json\/wp\/v2\/pages\/11003","targetHints":{"allow":["GET"]}}],"collection":[{"href":"https:\/\/www.groepenzeeland.nl\/de\/wp-json\/wp\/v2\/pages"}],"about":[{"href":"https:\/\/www.groepenzeeland.nl\/de\/wp-json\/wp\/v2\/types\/page"}],"author":[{"embeddable":true,"href":"https:\/\/www.groepenzeeland.nl\/de\/wp-json\/wp\/v2\/users\/1"}],"replies":[{"embeddable":true,"href":"https:\/\/www.groepenzeeland.nl\/de\/wp-json\/wp\/v2\/comments?post=11003"}],"version-history":[{"count":0,"href":"https:\/\/www.groepenzeeland.nl\/de\/wp-json\/wp\/v2\/pages\/11003\/revisions"}],"wp:featuredmedia":[{"embeddable":true,"href":"https:\/\/www.groepenzeeland.nl\/de\/wp-json\/wp\/v2\/media\/10706"}],"wp:attachment":[{"href":"https:\/\/www.groepenzeeland.nl\/de\/wp-json\/wp\/v2\/media?parent=11003"}],"curies":[{"name":"wp","href":"https:\/\/api.w.org\/{rel}","templated":true}]}}