{"id":11002,"date":"2025-09-03T11:05:12","date_gmt":"2025-09-03T11:05:12","guid":{"rendered":"https:\/\/www.groepenzeeland.nl\/de\/"},"modified":"2025-11-06T13:50:14","modified_gmt":"2025-11-06T13:50:14","slug":"luxurioese-gruppenunterkuenfte-in-zeeland","status":"publish","type":"page","link":"https:\/\/www.groepenzeeland.nl\/de\/luxurioese-gruppenunterkuenfte-in-zeeland\/","title":{"rendered":"Luxuri\u00f6se Gruppenunterk\u00fcnfte in Zeeland"},"content":{"rendered":"<style type=\"text\/css\">\n    .header-heights {\n        height: 60vh;\n    }\n    .header-heights.home {\n        height: 60vh;\n    }\n    @media (max-width: 767px) {\n        .header-heights {\n            height: 30vh;\n        }\n        .header-heights.home {\n            height: 40vh;\n        }\n    }\n<\/style><section class=\"header-img\">\n        <div class=\"img-inner header-heights\" style=\"background-image: url(https:\/\/www.groepenzeeland.nl\/wp-content\/uploads\/2025\/09\/header-1600x613.jpg);\"><div class=\"header_content_innner container\"><div class=\"container zb-container\"><\/div><\/div><\/div><\/section>\n\n\n<h1 class=\"wp-block-heading\">Luxuri\u00f6se Gruppenunterk\u00fcnfte in Zeeland<\/h1>\n\n\n\n<p>Suchen Sie eine luxuri\u00f6se Gruppenunterkunft in Zeeland? GroepenZeeland bietet eine gro\u00dfe Auswahl an exklusiven Gruppenunterk\u00fcnften. Hier finden Sie garantiert die perfekte Unterkunft f\u00fcr ein Familienwochenende, einen einw\u00f6chigen Urlaub oder eine Gesch\u00e4ftsreise. Jede Unterkunft besticht durch ihren ganz eigenen Charme, hervorragende Ausstattung und eine einzigartige Lage. Die Provinz bietet zudem unz\u00e4hlige M\u00f6glichkeiten f\u00fcr Freizeitaktivit\u00e4ten, tolle Betriebsausfl\u00fcge und vieles mehr. St\u00f6bern Sie jetzt in unserer fantastischen Auswahl.<\/p>\n\n\n\n<h2 class=\"wp-block-heading\">Entdecken Sie unsere Auswahl an luxuri\u00f6sen Gruppenunterk\u00fcnften, die zu Ihnen passen!<\/h2>\n\n\n\n<p>Wir setzen alles daran, Ihnen einen angenehmen Aufenthalt zu erm\u00f6glichen. Sollten Sie W\u00fcnsche oder Fragen haben, wenden Sie sich bitte an die jeweilige Gruppenunterkunft. Unten finden Sie unsere Auswahl an luxuri\u00f6sen Gruppenunterk\u00fcnften in Zeeland. Suchen und buchen Sie ganz einfach die passende Unterkunft.<\/p>\n\n\n<div class=\"harbor-main-widget\">\r\n<div is=\"search\"  :is-groepen-user=\"true\" :expandable=\"true\" :config=\"{categories:false, top: false,isDateRangePicker: true  }\" :pre-fill=\"true\" url=\"\/zoekresultaten\">&nbsp;<\/div>\r\n<div is=\"telesto\"  :link-more-info-to-image=\"true\"  theme=\"card\" :allow-multiple-filter-collapse=\"true\" :show-all-accommodations=\"true\" :is-enable-filter=\"true\" :filter-enabled=\"true\" :enableFilter=\"true\" :filters=\"{21:1}\"><\/div>\r\n<\/div>\n\n\n<h3 class=\"wp-block-heading\">Erleben Sie Luxus und Komfort mit exzellenten Einrichtungen<\/h3>\n\n\n\n<p>Wenn Sie in einer der luxuri\u00f6sen Gruppenunterk\u00fcnfte von GroepenZeeland \u00fcbernachten, genie\u00dfen Sie garantiert erstklassige Ausstattung und einen unbeschwerten Aufenthalt. Neben komplett m\u00f6blierten Unterk\u00fcnften mit hervorragender Grundausstattung bieten wir auch Gruppenunterk\u00fcnfte mit Sauna, Whirlpool oder sogar Swimmingpool an. Auf unserer Website finden Sie au\u00dferdem eine praktische Such- und Buchungsfunktion. So finden Sie schnell und einfach die perfekte luxuri\u00f6se Gruppenunterkunft, die genau Ihren Bed\u00fcrfnissen entspricht. Sobald Sie Ihre Wahl getroffen haben, k\u00f6nnen Sie Ihren Aufenthalt f\u00fcr sich und Ihre Gruppe ganz einfach buchen.<\/p>\n\n\n\n<h3 class=\"wp-block-heading\">Erkunden Sie die Umgebung w\u00e4hrend Ihres Aufenthalts in unserer luxuri\u00f6sen Gruppenunterkunft in Zeeland<\/h3>\n\n\n\n<p>Genie\u00dfen Sie einen erlebnisreichen Tag w\u00e4hrend Ihres Aufenthalts in einer unserer Gruppenunterk\u00fcnfte mit Whirlpool und\/oder Sauna. Diese Unterk\u00fcnfte befinden sich meist in K\u00fcstenn\u00e4he und bieten Ihnen die M\u00f6glichkeit, fantastische Gruppenaktivit\u00e4ten am Meer zu unternehmen. Wie w\u00e4re es zum Beispiel mit einer Strandklinik oder einer Solex-Tour zu verschiedenen K\u00fcstenorten? In Zeeland angekommen, ist es au\u00dferdem ein tolles Erlebnis, mit der ganzen Gruppe die Zeel\u00e4nder Deltawerke zu besuchen oder eine Bootsfahrt auf der Oosterschelde zu unternehmen. Mit vielen einzigartigen Tauch- und Kitesurfspots ist Zeeland auch ein Paradies f\u00fcr Wassersportbegeisterte.<\/p>\n\n\n\n<p>F\u00fcr einen luxuri\u00f6sen Aufenthalt an der K\u00fcste ist GroepenZeeland die richtige Wahl f\u00fcr Sie \u2013 eine luxuri\u00f6se Gruppenunterkunft in Zeeland!<\/p>\n","protected":false},"excerpt":{"rendered":"<p>Luxuri\u00f6se Gruppenunterk\u00fcnfte in Zeeland Suchen Sie eine luxuri\u00f6se Gruppenunterkunft in Zeeland? GroepenZeeland bietet eine gro\u00dfe Auswahl an exklusiven Gruppenunterk\u00fcnften. Hier finden Sie garantiert die perfekte Unterkunft f\u00fcr ein Familienwochenende, einen einw\u00f6chigen Urlaub oder eine Gesch\u00e4ftsreise. Jede Unterkunft besticht durch ihren ganz eigenen Charme, hervorragende Ausstattung und eine einzigartige Lage. Die Provinz bietet zudem unz\u00e4hlige M\u00f6glichkeiten [&hellip;]<\/p>\n","protected":false},"author":1,"featured_media":9428,"parent":0,"menu_order":0,"comment_status":"closed","ping_status":"closed","template":"","meta":{"_acf_changed":false,"_tz_page_kind":"landing","footnotes":""},"class_list":["post-11002","page","type-page","status-publish","has-post-thumbnail","hentry"],"acf":[],"_links":{"self":[{"href":"https:\/\/www.groepenzeeland.nl\/de\/wp-json\/wp\/v2\/pages\/11002","targetHints":{"allow":["GET"]}}],"collection":[{"href":"https:\/\/www.groepenzeeland.nl\/de\/wp-json\/wp\/v2\/pages"}],"about":[{"href":"https:\/\/www.groepenzeeland.nl\/de\/wp-json\/wp\/v2\/types\/page"}],"author":[{"embeddable":true,"href":"https:\/\/www.groepenzeeland.nl\/de\/wp-json\/wp\/v2\/users\/1"}],"replies":[{"embeddable":true,"href":"https:\/\/www.groepenzeeland.nl\/de\/wp-json\/wp\/v2\/comments?post=11002"}],"version-history":[{"count":0,"href":"https:\/\/www.groepenzeeland.nl\/de\/wp-json\/wp\/v2\/pages\/11002\/revisions"}],"wp:featuredmedia":[{"embeddable":true,"href":"https:\/\/www.groepenzeeland.nl\/de\/wp-json\/wp\/v2\/media\/9428"}],"wp:attachment":[{"href":"https:\/\/www.groepenzeeland.nl\/de\/wp-json\/wp\/v2\/media?parent=11002"}],"curies":[{"name":"wp","href":"https:\/\/api.w.org\/{rel}","templated":true}]}}