{"id":11001,"date":"2025-09-03T11:09:46","date_gmt":"2025-09-03T11:09:46","guid":{"rendered":"https:\/\/www.groepenzeeland.nl\/de\/"},"modified":"2025-11-06T13:46:46","modified_gmt":"2025-11-06T13:46:46","slug":"gruppenunterkunft-am-strand","status":"publish","type":"page","link":"https:\/\/www.groepenzeeland.nl\/de\/gruppenunterkunft-am-strand\/","title":{"rendered":"Gruppenunterkunft am Strand"},"content":{"rendered":"<style type=\"text\/css\">\n    .header-heights {\n        height: 60vh;\n    }\n    .header-heights.home {\n        height: 60vh;\n    }\n    @media (max-width: 767px) {\n        .header-heights {\n            height: 30vh;\n        }\n        .header-heights.home {\n            height: 40vh;\n        }\n    }\n<\/style><section class=\"header-img\">\n        <div class=\"img-inner header-heights\" style=\"background-image: url(https:\/\/www.groepenzeeland.nl\/wp-content\/uploads\/2025\/09\/header-1600x613.jpg);\"><div class=\"header_content_innner container\"><div class=\"container zb-container\"><\/div><\/div><\/div><\/section>\n\n\n<h1 class=\"wp-block-heading\">Gem\u00fctliche Gruppenunterkunft am Strand von Zeeland<\/h1>\n\n\n\n<p>Wer m\u00f6chte nicht in einer gem\u00fctlichen Gruppenunterkunft am Strand von Zeeland \u00fcbernachten? GroepenZeeland hat f\u00fcr Sie eine Auswahl an Strandunterk\u00fcnften zusammengestellt, damit Sie ganz einfach die passende Unterkunft finden. Wir bieten Unterk\u00fcnfte f\u00fcr Gruppen von Betreuungspersonen, gr\u00f6\u00dfere Gruppen, Familien und Gruppen mit Kindern. Unsere ausgew\u00e4hlten Strandunterk\u00fcnfte sind alle einzigartig und ideal an einem der sch\u00f6nsten Str\u00e4nde Zeelands gelegen. Atemberaubende Ausblicke sind garantiert!<\/p>\n\n\n<div class=\"harbor-main-widget\">\r\n<div is=\"search\"  :is-groepen-user=\"true\" :expandable=\"true\" :config=\"{categories:false, top: false,isDateRangePicker: true  }\" :pre-fill=\"true\" url=\"\/zoekresultaten\">&nbsp;<\/div>\r\n<div is=\"telesto\"  :link-more-info-to-image=\"true\"  theme=\"card\" :allow-multiple-filter-collapse=\"true\" :show-all-accommodations=\"true\" :is-enable-filter=\"true\" :filter-enabled=\"true\" :enableFilter=\"true\" :filters=\"{21:1}\"><\/div>\r\n<\/div>\n\n\n<h3 class=\"wp-block-heading\">Gruppenunterk\u00fcnfte an der K\u00fcste mit hervorragender Ausstattung<\/h3>\n\n\n\n<p>Neben einer privaten Sauna oder einem Whirlpool bieten die luxuri\u00f6sen Gruppenunterk\u00fcnfte von GroepenZeeland noch viele weitere Annehmlichkeiten. Damit Sie die passende Unterkunft finden, bieten wir Ihnen eine vollst\u00e4ndige \u00dcbersicht all unserer Gruppenunterk\u00fcnfte. Jede Unterkunft ist einzigartig und bietet besondere Merkmale. Mit der Such- und Buchungsfunktion von GroepenZeeland finden Sie schnell die perfekte Gruppenunterkunft mit Whirlpool und\/oder Sauna in Zeeland f\u00fcr sich und Ihre Gruppe.<\/p>\n\n\n\n<h3 class=\"wp-block-heading\">Unterhaltsame Gruppenausfl\u00fcge am Strand von Zeeland<\/h3>\n\n\n\n<p>Wir helfen Ihnen nicht nur, die perfekte Gruppenunterkunft am Strand von Zeeland zu finden, sondern geben Ihnen auch gerne Tipps f\u00fcr spannende Gruppenausfl\u00fcge. Ob kalt oder warm, die Region bietet das ganze Jahr \u00fcber abwechslungsreiche Aktivit\u00e4ten f\u00fcr Familien mit Kindern, Menschen mit Behinderungen und gr\u00f6\u00dfere Gruppen. Unternehmen Sie zum Beispiel wundersch\u00f6ne Strandspazierg\u00e4nge, wandern Sie durch die D\u00fcnen oder erleben Sie das Abenteuer einer echten Strandklinik. Wassersportbegeisterte kommen ebenfalls voll auf ihre Kosten, denn Zeeland bietet mehrere atemberaubende Tauch- und Kitesurfspots. Bei Sonnenschein k\u00f6nnen Sie gemeinsam im Meer baden oder in einem gem\u00fctlichen Strandpavillon in der N\u00e4he einen Drink genie\u00dfen.<\/p>\n","protected":false},"excerpt":{"rendered":"<p>Gem\u00fctliche Gruppenunterkunft am Strand von Zeeland Wer m\u00f6chte nicht in einer gem\u00fctlichen Gruppenunterkunft am Strand von Zeeland \u00fcbernachten? GroepenZeeland hat f\u00fcr Sie eine Auswahl an Strandunterk\u00fcnften zusammengestellt, damit Sie ganz einfach die passende Unterkunft finden. Wir bieten Unterk\u00fcnfte f\u00fcr Gruppen von Betreuungspersonen, gr\u00f6\u00dfere Gruppen, Familien und Gruppen mit Kindern. Unsere ausgew\u00e4hlten Strandunterk\u00fcnfte sind alle einzigartig [&hellip;]<\/p>\n","protected":false},"author":1,"featured_media":10733,"parent":0,"menu_order":0,"comment_status":"closed","ping_status":"closed","template":"","meta":{"_acf_changed":false,"_tz_page_kind":"default","footnotes":""},"class_list":["post-11001","page","type-page","status-publish","has-post-thumbnail","hentry"],"acf":[],"_links":{"self":[{"href":"https:\/\/www.groepenzeeland.nl\/de\/wp-json\/wp\/v2\/pages\/11001","targetHints":{"allow":["GET"]}}],"collection":[{"href":"https:\/\/www.groepenzeeland.nl\/de\/wp-json\/wp\/v2\/pages"}],"about":[{"href":"https:\/\/www.groepenzeeland.nl\/de\/wp-json\/wp\/v2\/types\/page"}],"author":[{"embeddable":true,"href":"https:\/\/www.groepenzeeland.nl\/de\/wp-json\/wp\/v2\/users\/1"}],"replies":[{"embeddable":true,"href":"https:\/\/www.groepenzeeland.nl\/de\/wp-json\/wp\/v2\/comments?post=11001"}],"version-history":[{"count":0,"href":"https:\/\/www.groepenzeeland.nl\/de\/wp-json\/wp\/v2\/pages\/11001\/revisions"}],"wp:featuredmedia":[{"embeddable":true,"href":"https:\/\/www.groepenzeeland.nl\/de\/wp-json\/wp\/v2\/media\/10733"}],"wp:attachment":[{"href":"https:\/\/www.groepenzeeland.nl\/de\/wp-json\/wp\/v2\/media?parent=11001"}],"curies":[{"name":"wp","href":"https:\/\/api.w.org\/{rel}","templated":true}]}}