{"id":10995,"date":"2025-09-03T11:54:49","date_gmt":"2025-09-03T11:54:49","guid":{"rendered":"https:\/\/www.groepenzeeland.nl\/de\/"},"modified":"2025-11-06T13:06:31","modified_gmt":"2025-11-06T13:06:31","slug":"gruppenunterkuenfte-in-zeeland-flandern","status":"publish","type":"page","link":"https:\/\/www.groepenzeeland.nl\/de\/gruppenunterkuenfte-in-zeeland-flandern\/","title":{"rendered":"Gruppenunterk\u00fcnfte in Zeeland Flandern"},"content":{"rendered":"<style type=\"text\/css\">\n    .header-heights {\n        height: 60vh;\n    }\n    .header-heights.home {\n        height: 60vh;\n    }\n    @media (max-width: 767px) {\n        .header-heights {\n            height: 30vh;\n        }\n        .header-heights.home {\n            height: 40vh;\n        }\n    }\n<\/style><section class=\"header-img\">\n        <div class=\"img-inner header-heights\" style=\"background-image: url(https:\/\/www.groepenzeeland.nl\/wp-content\/uploads\/2025\/09\/header-1600x613.jpg);\"><div class=\"header_content_innner container\"><div class=\"container zb-container\"><\/div><\/div><\/div><\/section>\n\n\n<h1 class=\"wp-block-heading\">Die besten Gruppenunterk\u00fcnfte in Zeeland-Flandern auf einen Blick<\/h1>\n\n\n\n<p>Zeeland, einschlie\u00dflich Zeeuws-Vlaanderen, bietet eine gro\u00dfe Auswahl an Gruppenunterk\u00fcnften. St\u00f6bern Sie auf GroepenZeeland.nl und nutzen Sie die Filter, um die passende Unterkunft f\u00fcr Ihre Bed\u00fcrfnisse zu finden. Die Suche war noch nie so einfach!<\/p>\n\n\n<div class=\"harbor-main-widget\">\r\n<div is=\"search\"  :is-groepen-user=\"true\" :expandable=\"true\" :config=\"{categories:false, top: false,isDateRangePicker: true  }\" :pre-fill=\"true\" url=\"\/zoekresultaten\">&nbsp;<\/div>\r\n<div is=\"telesto\"  :link-more-info-to-image=\"true\"  theme=\"card\" :allow-multiple-filter-collapse=\"true\" :show-all-accommodations=\"true\" :is-enable-filter=\"true\" :filter-enabled=\"true\" :enableFilter=\"true\" :filters=\"{21:1}\"><\/div>\r\n<\/div>\n\n\n<h2 class=\"wp-block-heading\">\u00dcbernachtung in einer Gruppenunterkunft in Zeeland, Flandern<\/h2>\n\n\n\n<p>Suchen Sie eine Gruppenunterkunft in Zeeland, Flandern? Dann sind Sie bei GroepenZeeland.nl genau richtig! Finden Sie die passende Unterkunft und genie\u00dfen Sie einen fantastischen Aufenthalt mit Freunden, Familie oder Kollegen. F\u00fcr ein unvergessliches Erlebnis informieren Sie sich auch \u00fcber die M\u00f6glichkeiten f\u00fcr abwechslungsreiche Gruppenaktivit\u00e4ten. Unternehmen Sie zum Beispiel eine malerische Tour mit einem Solex entlang der K\u00fcste und lassen Sie den sch\u00f6nen Ausflug mit einem leckeren Essen in einem der vielen Restaurants Zeelands ausklingen.<\/p>\n\n\n\n<h3 class=\"wp-block-heading\">Genie\u00dfen Sie einen erlebnisreichen Tag in Zeeland Flandern<\/h3>\n\n\n\n<p>Zeeuws-Vlaanderen hat so viel zu bieten f\u00fcr einen gelungenen Tagesausflug. Zeeland ist bekannt f\u00fcr seine wundersch\u00f6nen Sandstr\u00e4nde und Wassersportm\u00f6glichkeiten, aber es gibt noch so viel mehr zu entdecken! Auf unserer Website haben wir einige Tipps f\u00fcr einen unterhaltsamen, erlebnisreichen und unvergesslichen Tag in Zeeland zusammengestellt. Klicken Sie hier, um unsere Ausflugstipps zu lesen.<\/p>\n","protected":false},"excerpt":{"rendered":"<p>Die besten Gruppenunterk\u00fcnfte in Zeeland-Flandern auf einen Blick Zeeland, einschlie\u00dflich Zeeuws-Vlaanderen, bietet eine gro\u00dfe Auswahl an Gruppenunterk\u00fcnften. St\u00f6bern Sie auf GroepenZeeland.nl und nutzen Sie die Filter, um die passende Unterkunft f\u00fcr Ihre Bed\u00fcrfnisse zu finden. Die Suche war noch nie so einfach! \u00dcbernachtung in einer Gruppenunterkunft in Zeeland, Flandern Suchen Sie eine Gruppenunterkunft in Zeeland, [&hellip;]<\/p>\n","protected":false},"author":1,"featured_media":10207,"parent":0,"menu_order":0,"comment_status":"closed","ping_status":"closed","template":"","meta":{"_acf_changed":false,"_tz_page_kind":"landing","footnotes":""},"class_list":["post-10995","page","type-page","status-publish","has-post-thumbnail","hentry"],"acf":[],"_links":{"self":[{"href":"https:\/\/www.groepenzeeland.nl\/de\/wp-json\/wp\/v2\/pages\/10995","targetHints":{"allow":["GET"]}}],"collection":[{"href":"https:\/\/www.groepenzeeland.nl\/de\/wp-json\/wp\/v2\/pages"}],"about":[{"href":"https:\/\/www.groepenzeeland.nl\/de\/wp-json\/wp\/v2\/types\/page"}],"author":[{"embeddable":true,"href":"https:\/\/www.groepenzeeland.nl\/de\/wp-json\/wp\/v2\/users\/1"}],"replies":[{"embeddable":true,"href":"https:\/\/www.groepenzeeland.nl\/de\/wp-json\/wp\/v2\/comments?post=10995"}],"version-history":[{"count":0,"href":"https:\/\/www.groepenzeeland.nl\/de\/wp-json\/wp\/v2\/pages\/10995\/revisions"}],"wp:featuredmedia":[{"embeddable":true,"href":"https:\/\/www.groepenzeeland.nl\/de\/wp-json\/wp\/v2\/media\/10207"}],"wp:attachment":[{"href":"https:\/\/www.groepenzeeland.nl\/de\/wp-json\/wp\/v2\/media?parent=10995"}],"curies":[{"name":"wp","href":"https:\/\/api.w.org\/{rel}","templated":true}]}}