{"id":10993,"date":"2025-09-03T12:14:31","date_gmt":"2025-09-03T12:14:31","guid":{"rendered":"https:\/\/www.groepenzeeland.nl\/de\/"},"modified":"2025-11-06T12:59:50","modified_gmt":"2025-11-06T12:59:50","slug":"gruppenunterkuenfte-in-burgh-haamstede","status":"publish","type":"page","link":"https:\/\/www.groepenzeeland.nl\/de\/gruppenunterkuenfte-in-burgh-haamstede\/","title":{"rendered":"Gruppenunterk\u00fcnfte in Burgh-Haamstede"},"content":{"rendered":"<style type=\"text\/css\">\n    .header-heights {\n        height: 60vh;\n    }\n    .header-heights.home {\n        height: 60vh;\n    }\n    @media (max-width: 767px) {\n        .header-heights {\n            height: 30vh;\n        }\n        .header-heights.home {\n            height: 40vh;\n        }\n    }\n<\/style><section class=\"header-img\">\n        <div class=\"img-inner header-heights\" style=\"background-image: url(https:\/\/www.groepenzeeland.nl\/wp-content\/uploads\/2025\/09\/header-1600x613.jpg);\"><div class=\"header_content_innner container\"><div class=\"container zb-container\"><\/div><\/div><\/div><\/section>\n\n\n<h1 class=\"wp-block-heading\">Die besten Gruppenunterk\u00fcnfte in Burgh-Haamstede<\/h1>\n\n\n\n<p>Suchen Sie eine Gruppenunterkunft in Burgh-Haamstede? Zeeland, einschlie\u00dflich Burgh-Haamstede, bietet eine gro\u00dfe Auswahl an Gruppenunterk\u00fcnften. Burgh-Haamstede besticht durch wundersch\u00f6ne Str\u00e4nde und eine atemberaubende, h\u00fcgelige D\u00fcnenlandschaft. Genie\u00dfen Sie einen fantastischen Urlaub in einer Gruppenunterkunft in Burgh-Haamstede.<\/p>\n\n\n\n<h2 class=\"wp-block-heading\">Suchen und buchen Sie Ihre Gruppenunterkunft in Burgh-Haamstede direkt online.<\/h2>\n\n\n\n<p>Egal ob Sie einen Ferienbauernhof oder eine luxuri\u00f6se Gruppenunterkunft in Burgh-Haamstede suchen, Groups Zeeland bietet Ihnen stets eine passende Auswahl an Gruppenunterk\u00fcnften in Burgh-Haamstede.<\/p>\n\n\n<div class=\"harbor-main-widget\">\r\n<div is=\"search\"  :is-groepen-user=\"true\" :expandable=\"true\" :config=\"{categories:false, top: false,isDateRangePicker: true  }\" :pre-fill=\"true\" url=\"\/zoekresultaten\">&nbsp;<\/div>\r\n<div is=\"telesto\"  :link-more-info-to-image=\"true\"  theme=\"card\" :allow-multiple-filter-collapse=\"true\" :show-all-accommodations=\"true\" :is-enable-filter=\"true\" :filter-enabled=\"true\" :enableFilter=\"true\" :filters=\"{21:1}\"><\/div>\r\n<\/div>\n\n\n<h2 class=\"wp-block-heading\">\u00dcbernachtung in einer Gruppenunterkunft in Burg-Haamstede<\/h2>\n\n\n\n<p>Wenn Sie Ihren Aufenthalt in einer unserer Gruppenunterk\u00fcnfte in Burgh-Haamstede und Umgebung unvergesslich machen m\u00f6chten, erkundigen Sie sich nach den M\u00f6glichkeiten f\u00fcr unterhaltsame Gruppenaktivit\u00e4ten. Unternehmen Sie beispielsweise eine malerische Tour mit einem Solex entlang der K\u00fcste und lassen Sie Ihren gelungenen Gruppenausflug mit einem k\u00f6stlichen Essen in einem der vielen Restaurants Zeelands ausklingen.<\/p>\n\n\n\n<h3 class=\"wp-block-heading\">Genie\u00dfen Sie einen sch\u00f6nen Tagesausflug nach Burg-Haamstede<\/h3>\n\n\n\n<p>Burg-Haamstede bietet unz\u00e4hlige M\u00f6glichkeiten f\u00fcr einen gelungenen Tagesausflug. Zeeland ist bekannt f\u00fcr seine wundersch\u00f6nen Sandstr\u00e4nde und Wassersportangebote, aber die Region hat noch viel mehr zu bieten! Auf unserer Website haben wir einige Tipps f\u00fcr einen unterhaltsamen, erlebnisreichen und unvergesslichen Tag in Zeeland zusammengestellt. Klicken Sie hier, um unsere Ausflugstipps zu entdecken.<\/p>\n","protected":false},"excerpt":{"rendered":"<p>Die besten Gruppenunterk\u00fcnfte in Burgh-Haamstede Suchen Sie eine Gruppenunterkunft in Burgh-Haamstede? Zeeland, einschlie\u00dflich Burgh-Haamstede, bietet eine gro\u00dfe Auswahl an Gruppenunterk\u00fcnften. Burgh-Haamstede besticht durch wundersch\u00f6ne Str\u00e4nde und eine atemberaubende, h\u00fcgelige D\u00fcnenlandschaft. Genie\u00dfen Sie einen fantastischen Urlaub in einer Gruppenunterkunft in Burgh-Haamstede. Suchen und buchen Sie Ihre Gruppenunterkunft in Burgh-Haamstede direkt online. Egal ob Sie einen Ferienbauernhof [&hellip;]<\/p>\n","protected":false},"author":1,"featured_media":10706,"parent":0,"menu_order":0,"comment_status":"closed","ping_status":"closed","template":"","meta":{"_acf_changed":false,"_tz_page_kind":"landing","footnotes":""},"class_list":["post-10993","page","type-page","status-publish","has-post-thumbnail","hentry"],"acf":[],"_links":{"self":[{"href":"https:\/\/www.groepenzeeland.nl\/de\/wp-json\/wp\/v2\/pages\/10993","targetHints":{"allow":["GET"]}}],"collection":[{"href":"https:\/\/www.groepenzeeland.nl\/de\/wp-json\/wp\/v2\/pages"}],"about":[{"href":"https:\/\/www.groepenzeeland.nl\/de\/wp-json\/wp\/v2\/types\/page"}],"author":[{"embeddable":true,"href":"https:\/\/www.groepenzeeland.nl\/de\/wp-json\/wp\/v2\/users\/1"}],"replies":[{"embeddable":true,"href":"https:\/\/www.groepenzeeland.nl\/de\/wp-json\/wp\/v2\/comments?post=10993"}],"version-history":[{"count":0,"href":"https:\/\/www.groepenzeeland.nl\/de\/wp-json\/wp\/v2\/pages\/10993\/revisions"}],"wp:featuredmedia":[{"embeddable":true,"href":"https:\/\/www.groepenzeeland.nl\/de\/wp-json\/wp\/v2\/media\/10706"}],"wp:attachment":[{"href":"https:\/\/www.groepenzeeland.nl\/de\/wp-json\/wp\/v2\/media?parent=10993"}],"curies":[{"name":"wp","href":"https:\/\/api.w.org\/{rel}","templated":true}]}}