{"id":10985,"date":"2025-09-03T13:20:44","date_gmt":"2025-09-03T13:20:44","guid":{"rendered":"https:\/\/www.groepenzeeland.nl\/de\/"},"modified":"2025-11-06T12:17:57","modified_gmt":"2025-11-06T12:17:57","slug":"gruppenunterkuenfte-fuer-grosse-gruppen","status":"publish","type":"page","link":"https:\/\/www.groepenzeeland.nl\/de\/gruppenunterkuenfte-fuer-grosse-gruppen\/","title":{"rendered":"Gruppenunterk\u00fcnfte f\u00fcr gro\u00dfe Gruppen"},"content":{"rendered":"<style type=\"text\/css\">\n    .header-heights {\n        height: 60vh;\n    }\n    .header-heights.home {\n        height: 60vh;\n    }\n    @media (max-width: 767px) {\n        .header-heights {\n            height: 30vh;\n        }\n        .header-heights.home {\n            height: 40vh;\n        }\n    }\n<\/style><section class=\"header-img\">\n        <div class=\"img-inner header-heights\" style=\"background-image: url(https:\/\/www.groepenzeeland.nl\/wp-content\/uploads\/2025\/09\/header-1600x613.jpg);\"><div class=\"header_content_innner container\"><div class=\"container zb-container\"><\/div><\/div><\/div><\/section>\n\n\n<h1 class=\"wp-block-heading\">Gruppenunterk\u00fcnfte f\u00fcr gro\u00dfe Gruppen<\/h1>\n\n\n<div class=\"harbor-main-widget\">\r\n<div is=\"search\"  :is-groepen-user=\"true\" :expandable=\"true\" :config=\"{categories:false, top: false,isDateRangePicker: true  }\" :pre-fill=\"true\" url=\"\/zoekresultaten\">&nbsp;<\/div>\r\n<div is=\"telesto\"  :link-more-info-to-image=\"true\"  theme=\"card\" :allow-multiple-filter-collapse=\"true\" :show-all-accommodations=\"true\" :is-enable-filter=\"true\" :filter-enabled=\"true\" :enableFilter=\"true\" :filters=\"{21:1}\"><\/div>\r\n<\/div>\n\n\n<h2 class=\"wp-block-heading\">\u00dcbernachtung in einer Gruppenunterkunft in Zeeland<\/h2>\n\n\n\n<p>Suchen Sie eine Gruppenunterkunft f\u00fcr gr\u00f6\u00dfere Gruppen? Dann sind Sie bei GroepenZeeland.nl genau richtig! Finden Sie die passende Unterkunft in unserem Angebot und genie\u00dfen Sie einen unvergesslichen Aufenthalt mit Freunden, Familie oder Kollegen. F\u00fcr ein wirklich unvergessliches Erlebnis informieren Sie sich auch \u00fcber unsere Angebote f\u00fcr abwechslungsreiche Gruppenaktivit\u00e4ten. Unternehmen Sie zum Beispiel eine malerische Tour mit einem Solex entlang der K\u00fcste und lassen Sie den sch\u00f6nen Ausflug mit einem leckeren Essen in einem der vielen Restaurants Zeelands ausklingen.<\/p>\n\n\n\n<h3 class=\"wp-block-heading\">Genie\u00dfen Sie einen unterhaltsamen Tag in Zeeland<\/h3>\n\n\n\n<p>Zeeland hat so viel zu bieten f\u00fcr einen gelungenen Tagesausflug. Die Insel ist bekannt f\u00fcr ihre wundersch\u00f6nen Sandstr\u00e4nde und Wassersportm\u00f6glichkeiten, aber es gibt noch so viel mehr zu entdecken! Auf unserer Website haben wir einige Tipps f\u00fcr einen unterhaltsamen, erlebnisreichen und unvergesslichen Tag in Zeeland zusammengestellt. Klicken Sie hier, um unsere Ausflugstipps zu lesen.<\/p>\n","protected":false},"excerpt":{"rendered":"<p>Gruppenunterk\u00fcnfte f\u00fcr gro\u00dfe Gruppen \u00dcbernachtung in einer Gruppenunterkunft in Zeeland Suchen Sie eine Gruppenunterkunft f\u00fcr gr\u00f6\u00dfere Gruppen? Dann sind Sie bei GroepenZeeland.nl genau richtig! Finden Sie die passende Unterkunft in unserem Angebot und genie\u00dfen Sie einen unvergesslichen Aufenthalt mit Freunden, Familie oder Kollegen. F\u00fcr ein wirklich unvergessliches Erlebnis informieren Sie sich auch \u00fcber unsere Angebote [&hellip;]<\/p>\n","protected":false},"author":1,"featured_media":10544,"parent":0,"menu_order":0,"comment_status":"closed","ping_status":"closed","template":"","meta":{"_acf_changed":false,"_tz_page_kind":"landing","footnotes":""},"class_list":["post-10985","page","type-page","status-publish","has-post-thumbnail","hentry"],"acf":[],"_links":{"self":[{"href":"https:\/\/www.groepenzeeland.nl\/de\/wp-json\/wp\/v2\/pages\/10985","targetHints":{"allow":["GET"]}}],"collection":[{"href":"https:\/\/www.groepenzeeland.nl\/de\/wp-json\/wp\/v2\/pages"}],"about":[{"href":"https:\/\/www.groepenzeeland.nl\/de\/wp-json\/wp\/v2\/types\/page"}],"author":[{"embeddable":true,"href":"https:\/\/www.groepenzeeland.nl\/de\/wp-json\/wp\/v2\/users\/1"}],"replies":[{"embeddable":true,"href":"https:\/\/www.groepenzeeland.nl\/de\/wp-json\/wp\/v2\/comments?post=10985"}],"version-history":[{"count":0,"href":"https:\/\/www.groepenzeeland.nl\/de\/wp-json\/wp\/v2\/pages\/10985\/revisions"}],"wp:featuredmedia":[{"embeddable":true,"href":"https:\/\/www.groepenzeeland.nl\/de\/wp-json\/wp\/v2\/media\/10544"}],"wp:attachment":[{"href":"https:\/\/www.groepenzeeland.nl\/de\/wp-json\/wp\/v2\/media?parent=10985"}],"curies":[{"name":"wp","href":"https:\/\/api.w.org\/{rel}","templated":true}]}}