{"id":10983,"date":"2025-09-03T13:25:03","date_gmt":"2025-09-03T13:25:03","guid":{"rendered":"https:\/\/www.groepenzeeland.nl\/de\/"},"modified":"2025-11-06T10:47:37","modified_gmt":"2025-11-06T10:47:37","slug":"guenstige-gruppenunterkunft","status":"publish","type":"page","link":"https:\/\/www.groepenzeeland.nl\/de\/guenstige-gruppenunterkunft\/","title":{"rendered":"G\u00fcnstige Gruppenunterkunft"},"content":{"rendered":"<style type=\"text\/css\">\n    .header-heights {\n        height: 60vh;\n    }\n    .header-heights.home {\n        height: 60vh;\n    }\n    @media (max-width: 767px) {\n        .header-heights {\n            height: 30vh;\n        }\n        .header-heights.home {\n            height: 40vh;\n        }\n    }\n<\/style><section class=\"header-img\">\n        <div class=\"img-inner header-heights\" style=\"background-image: url(https:\/\/www.groepenzeeland.nl\/wp-content\/uploads\/2025\/09\/header-1600x613.jpg);\"><div class=\"header_content_innner container\"><div class=\"container zb-container\"><\/div><\/div><\/div><\/section>\n\n\n<h1 class=\"wp-block-heading\">G\u00fcnstige Gruppenunterk\u00fcnfte in Zeeland<\/h1>\n\n\n\n<p>Suchen Sie nach einer preiswerten Gruppenunterkunft in Zeeland? Ein unvergesslicher Aufenthalt muss nicht teuer sein. GroepenZeeland bietet wundersch\u00f6ne Gruppenunterk\u00fcnfte zu attraktiven Preisen. Wir bieten Unterk\u00fcnfte in den sch\u00f6nsten Lagen, ideal f\u00fcr Familien, Schulklassen, Kinderbetreuungsgruppen und andere. Auch in der Umgebung gibt es viel zu entdecken f\u00fcr alle Altersgruppen. Zahlreiche Spielpl\u00e4tze und Attraktionen befinden sich in unmittelbarer N\u00e4he, und die M\u00f6glichkeiten f\u00fcr Aktivit\u00e4ten sind schier unendlich.<\/p>\n\n\n<div class=\"harbor-main-widget\">\r\n<div is=\"search\"  :is-groepen-user=\"true\" :expandable=\"true\" :config=\"{categories:false, top: false,isDateRangePicker: true  }\" :pre-fill=\"true\" url=\"\/zoekresultaten\">&nbsp;<\/div>\r\n<div is=\"telesto\"  :link-more-info-to-image=\"true\"  theme=\"card\" :allow-multiple-filter-collapse=\"true\" :show-all-accommodations=\"true\" :is-enable-filter=\"true\" :filter-enabled=\"true\" :enableFilter=\"true\" :filters=\"{21:1}\"><\/div>\r\n<\/div>\n\n\n<h2 class=\"wp-block-heading\">Preiswerte Gruppenunterk\u00fcnfte in Zeeland mit hervorragender Ausstattung<\/h2>\n\n\n\n<p>Die preiswerten Gruppenunterk\u00fcnfte in Zeeland bieten hervorragende Ausstattung. Kurz gesagt: Nichts steht einem fantastischen Aufenthalt im Wege. Alle Unterk\u00fcnfte sind komplett m\u00f6bliert und mit vielen Annehmlichkeiten ausgestattet. Auf GroepenZeeland.nl finden Sie Gruppenunterk\u00fcnfte an der K\u00fcste, hinter den D\u00fcnen und in der N\u00e4he von charmanten D\u00f6rfern und wundersch\u00f6nen Landschaften. Dank der praktischen Such- und Buchungsfunktion finden Sie schnell die passende, preiswerte Gruppenunterkunft f\u00fcr Ihre Bed\u00fcrfnisse. Buchen Sie Ihren Aufenthalt in Zeeland anschlie\u00dfend einfach und g\u00fcnstig.<\/p>\n\n\n\n<h3 class=\"wp-block-heading\">Genie\u00dfe einen sch\u00f6nen Tag!<\/h3>\n\n\n\n<p>Es ist fantastisch, Ihren Aufenthalt in einer der preiswerten Gruppenunterk\u00fcnfte Zeelands mit abwechslungsreichen Aktivit\u00e4ten und Gruppenausfl\u00fcgen in der Umgebung zu verbinden. Die M\u00f6glichkeiten sind vielf\u00e4ltig: von einem Tag am Strand mit Sonne, Meer und Strand bis hin zu einer Bootsfahrt auf der Oosterschelde. Die Gegend eignet sich auch hervorragend f\u00fcr wundersch\u00f6ne Spazierg\u00e4nge und Radtouren durch die D\u00fcnen, entlang der K\u00fcste und durch die atemberaubende Natur. Nach einem erlebnisreichen Tag k\u00f6nnen Sie in einem gem\u00fctlichen Restaurant in einem nahegelegenen Dorf oder in einer Strandbar mit Blick aufs Wasser einkehren.<\/p>\n\n\n\n<p>Sichern Sie sich schon jetzt Ihren Urlaub in einer g\u00fcnstigen Gruppenunterkunft in Zeeland mit GroepenZeeland.<\/p>\n","protected":false},"excerpt":{"rendered":"<p>G\u00fcnstige Gruppenunterk\u00fcnfte in Zeeland Suchen Sie nach einer preiswerten Gruppenunterkunft in Zeeland? Ein unvergesslicher Aufenthalt muss nicht teuer sein. GroepenZeeland bietet wundersch\u00f6ne Gruppenunterk\u00fcnfte zu attraktiven Preisen. Wir bieten Unterk\u00fcnfte in den sch\u00f6nsten Lagen, ideal f\u00fcr Familien, Schulklassen, Kinderbetreuungsgruppen und andere. Auch in der Umgebung gibt es viel zu entdecken f\u00fcr alle Altersgruppen. Zahlreiche Spielpl\u00e4tze und [&hellip;]<\/p>\n","protected":false},"author":1,"featured_media":10186,"parent":0,"menu_order":0,"comment_status":"closed","ping_status":"closed","template":"","meta":{"_acf_changed":false,"_tz_page_kind":"default","footnotes":""},"class_list":["post-10983","page","type-page","status-publish","has-post-thumbnail","hentry"],"acf":[],"_links":{"self":[{"href":"https:\/\/www.groepenzeeland.nl\/de\/wp-json\/wp\/v2\/pages\/10983","targetHints":{"allow":["GET"]}}],"collection":[{"href":"https:\/\/www.groepenzeeland.nl\/de\/wp-json\/wp\/v2\/pages"}],"about":[{"href":"https:\/\/www.groepenzeeland.nl\/de\/wp-json\/wp\/v2\/types\/page"}],"author":[{"embeddable":true,"href":"https:\/\/www.groepenzeeland.nl\/de\/wp-json\/wp\/v2\/users\/1"}],"replies":[{"embeddable":true,"href":"https:\/\/www.groepenzeeland.nl\/de\/wp-json\/wp\/v2\/comments?post=10983"}],"version-history":[{"count":0,"href":"https:\/\/www.groepenzeeland.nl\/de\/wp-json\/wp\/v2\/pages\/10983\/revisions"}],"wp:featuredmedia":[{"embeddable":true,"href":"https:\/\/www.groepenzeeland.nl\/de\/wp-json\/wp\/v2\/media\/10186"}],"wp:attachment":[{"href":"https:\/\/www.groepenzeeland.nl\/de\/wp-json\/wp\/v2\/media?parent=10983"}],"curies":[{"name":"wp","href":"https:\/\/api.w.org\/{rel}","templated":true}]}}