{"id":10981,"date":"2025-09-03T13:33:28","date_gmt":"2025-09-03T13:33:28","guid":{"rendered":"https:\/\/www.groepenzeeland.nl\/de\/"},"modified":"2025-11-06T10:38:24","modified_gmt":"2025-11-06T10:38:24","slug":"gruppenunterkunft-fuer-30-personen","status":"publish","type":"page","link":"https:\/\/www.groepenzeeland.nl\/de\/gruppenunterkunft-fuer-30-personen\/","title":{"rendered":"Gruppenunterkunft f\u00fcr 30 Personen"},"content":{"rendered":"<style type=\"text\/css\">\n    .header-heights {\n        height: 60vh;\n    }\n    .header-heights.home {\n        height: 60vh;\n    }\n    @media (max-width: 767px) {\n        .header-heights {\n            height: 30vh;\n        }\n        .header-heights.home {\n            height: 40vh;\n        }\n    }\n<\/style><section class=\"header-img\">\n        <div class=\"img-inner header-heights\" style=\"background-image: url(https:\/\/www.groepenzeeland.nl\/wp-content\/uploads\/2025\/09\/header-1600x613.jpg);\"><div class=\"header_content_innner container\"><div class=\"container zb-container\"><\/div><\/div><\/div><\/section>\n\n\n<h1 class=\"wp-block-heading\">Mieten Sie eine Gruppenunterkunft f\u00fcr 30 Personen in Zeeland auf GroepenZeeland.nl<\/h1>\n\n\n\n<p>Suchen Sie eine Gruppenunterkunft f\u00fcr 30 Personen in Zeeland? Dann entdecken Sie die gro\u00dfe Auswahl an Unterk\u00fcnften von GroepenZeeland. F\u00fcr kleine Gruppen bis zu 30 Personen bieten wir zahlreiche M\u00f6glichkeiten \u2013 von Gruppenunterk\u00fcnften und gro\u00dfen Ferienh\u00e4usern bis hin zu verschiedenen Verpflegungsoptionen und Gruppenausfl\u00fcgen.<\/p>\n\n\n\n<h2 class=\"wp-block-heading\">Verbringen Sie die Nacht in einer sch\u00f6nen Gruppenunterkunft f\u00fcr 30 Personen<\/h2>\n\n\n\n<p>Hier finden Sie eine aktuelle \u00dcbersicht gro\u00dfartiger Gruppenunterk\u00fcnfte f\u00fcr 30 Personen in ganz Zeeland. Nutzen Sie die Filter, um ganz einfach die perfekte Unterkunft zu finden. Suchen Sie beispielsweise nach einer Gruppenunterkunft mit Pool, direkt am Strand oder nach einer individuell gestalteten Unterkunft. Die Suche war noch nie so einfach!<\/p>\n\n\n<div class=\"harbor-main-widget\">\r\n<div is=\"search\"  :is-groepen-user=\"true\" :expandable=\"true\" :config=\"{categories:false, top: false,isDateRangePicker: true  }\" :pre-fill=\"true\" url=\"\/zoekresultaten\">&nbsp;<\/div>\r\n<div is=\"telesto\" :min-people-limit=\"30\" :link-more-info-to-image=\"true\"  theme=\"card\" :allow-multiple-filter-collapse=\"true\" :show-all-accommodations=\"true\" :is-enable-filter=\"true\" :filter-enabled=\"true\" :enableFilter=\"true\" :filters=\"{21:1}\"><\/div>\r\n<\/div>\n\n\n<h2 class=\"wp-block-heading\">Konnten Sie bereits eine Entscheidung treffen?<\/h2>\n\n\n\n<p>Buchen Sie eine Gruppenunterkunft f\u00fcr 30 Personen in Zeeland und genie\u00dfen Sie einen fantastischen Aufenthalt mit Freunden, Familie oder Kollegen. Um Ihren Aufenthalt unvergesslich zu machen, erkundigen Sie sich auch nach den M\u00f6glichkeiten f\u00fcr eine unterhaltsame Gruppenaktivit\u00e4t. Unternehmen Sie beispielsweise eine malerische Tour mit einem Solex entlang der K\u00fcste und lassen Sie den gelungenen Ausflug mit einem k\u00f6stlichen Essen in einem der vielen Restaurants Zeelands ausklingen.<\/p>\n\n\n\n<h3 class=\"wp-block-heading\">Genie\u00dfen Sie einen unterhaltsamen Tag in Zeeland<\/h3>\n\n\n\n<p>Zeeland bietet unz\u00e4hlige M\u00f6glichkeiten f\u00fcr einen gelungenen Tagesausflug mit einer kleinen Gruppe. Die Insel ist bekannt f\u00fcr ihre wundersch\u00f6nen Sandstr\u00e4nde und Wassersportangebote, aber es gibt noch so viel mehr zu entdecken! Auf unserer Website haben wir einige Tipps f\u00fcr einen unterhaltsamen, erlebnisreichen und unvergesslichen Tag in Zeeland zusammengestellt.<\/p>\n","protected":false},"excerpt":{"rendered":"<p>Mieten Sie eine Gruppenunterkunft f\u00fcr 30 Personen in Zeeland auf GroepenZeeland.nl Suchen Sie eine Gruppenunterkunft f\u00fcr 30 Personen in Zeeland? Dann entdecken Sie die gro\u00dfe Auswahl an Unterk\u00fcnften von GroepenZeeland. F\u00fcr kleine Gruppen bis zu 30 Personen bieten wir zahlreiche M\u00f6glichkeiten \u2013 von Gruppenunterk\u00fcnften und gro\u00dfen Ferienh\u00e4usern bis hin zu verschiedenen Verpflegungsoptionen und Gruppenausfl\u00fcgen. Verbringen [&hellip;]<\/p>\n","protected":false},"author":1,"featured_media":10678,"parent":0,"menu_order":0,"comment_status":"closed","ping_status":"closed","template":"","meta":{"_acf_changed":false,"_tz_page_kind":"default","footnotes":""},"class_list":["post-10981","page","type-page","status-publish","has-post-thumbnail","hentry"],"acf":[],"_links":{"self":[{"href":"https:\/\/www.groepenzeeland.nl\/de\/wp-json\/wp\/v2\/pages\/10981","targetHints":{"allow":["GET"]}}],"collection":[{"href":"https:\/\/www.groepenzeeland.nl\/de\/wp-json\/wp\/v2\/pages"}],"about":[{"href":"https:\/\/www.groepenzeeland.nl\/de\/wp-json\/wp\/v2\/types\/page"}],"author":[{"embeddable":true,"href":"https:\/\/www.groepenzeeland.nl\/de\/wp-json\/wp\/v2\/users\/1"}],"replies":[{"embeddable":true,"href":"https:\/\/www.groepenzeeland.nl\/de\/wp-json\/wp\/v2\/comments?post=10981"}],"version-history":[{"count":0,"href":"https:\/\/www.groepenzeeland.nl\/de\/wp-json\/wp\/v2\/pages\/10981\/revisions"}],"wp:featuredmedia":[{"embeddable":true,"href":"https:\/\/www.groepenzeeland.nl\/de\/wp-json\/wp\/v2\/media\/10678"}],"wp:attachment":[{"href":"https:\/\/www.groepenzeeland.nl\/de\/wp-json\/wp\/v2\/media?parent=10981"}],"curies":[{"name":"wp","href":"https:\/\/api.w.org\/{rel}","templated":true}]}}