{"id":10978,"date":"2025-10-30T13:36:55","date_gmt":"2025-10-30T13:36:55","guid":{"rendered":"https:\/\/www.groepenzeeland.nl\/de\/"},"modified":"2025-11-06T10:15:03","modified_gmt":"2025-11-06T10:15:03","slug":"freundeswochenende-in-zeeland","status":"publish","type":"page","link":"https:\/\/www.groepenzeeland.nl\/de\/freundeswochenende-in-zeeland\/","title":{"rendered":"Freundeswochenende in Zeeland"},"content":{"rendered":"<style type=\"text\/css\">\n    .header-heights {\n        height: 60vh;\n    }\n    .header-heights.home {\n        height: 60vh;\n    }\n    @media (max-width: 767px) {\n        .header-heights {\n            height: 30vh;\n        }\n        .header-heights.home {\n            height: 40vh;\n        }\n    }\n<\/style><section class=\"header-img\">\n        <div class=\"img-inner header-heights\" style=\"background-image: url(https:\/\/www.groepenzeeland.nl\/wp-content\/uploads\/2025\/09\/header-1600x613.jpg);\"><div class=\"header_content_innner container\"><div class=\"container zb-container\"><\/div><\/div><\/div><\/section>\n\n\n<h1 class=\"wp-block-heading\">Ein unterhaltsames Wochenende mit Freunden in Zeeland beginnt bei GroepenZeeland<\/h1>\n\n\n\n<p>Lust auf einen fantastischen Wochenendtrip mit Freunden nach Zeeland? Buchen Sie eine unserer tollen Gruppenunterk\u00fcnfte und erleben Sie gemeinsam einen unvergesslichen Urlaub. Bei GroepenZeeland finden Sie unz\u00e4hlige M\u00f6glichkeiten: von preiswerten Unterk\u00fcnften bis hin zu luxuri\u00f6sen Hotels mit gro\u00dfem Aufenthaltsraum zum Entspannen und Feiern. Zeeland ist au\u00dferdem der perfekte Ort f\u00fcr abwechslungsreiche Gruppenaktivit\u00e4ten f\u00fcr alle Altersgruppen.<\/p>\n\n\n\n<h2 class=\"wp-block-heading\">Suchen Sie direkt in unserem Angebot an Unterk\u00fcnften f\u00fcr Freunde.<\/h2>\n\n\n\n<p>GroepenZeeland bietet Ihnen einen umfassenden \u00dcberblick \u00fcber alle Einrichtungen und Optionen. Nutzen Sie unsere Such- und Buchungsfunktion, um schnell die beste Gruppenunterkunft f\u00fcr ein Wochenende mit Freunden in Zeeland zu finden \u2013 genau auf Ihre Bed\u00fcrfnisse zugeschnitten.<\/p>\n\n\n<div class=\"harbor-main-widget\">\r\n<div is=\"search\"  :is-groepen-user=\"true\" :expandable=\"true\" :config=\"{categories:false, top: false,isDateRangePicker: true  }\" :pre-fill=\"true\" url=\"\/zoekresultaten\">&nbsp;<\/div>\r\n<div is=\"telesto\"  :link-more-info-to-image=\"true\"  theme=\"card\" :allow-multiple-filter-collapse=\"true\" :show-all-accommodations=\"true\" :is-enable-filter=\"true\" :filter-enabled=\"true\" :enableFilter=\"true\" :filters=\"{24:1}\"><\/div>\r\n<\/div>\n\n\n<h3 class=\"wp-block-heading\">Freundeswochenende in Zeeland \u2013 hervorragende Einrichtungen<\/h3>\n\n\n\n<p>Unsere Gruppenunterk\u00fcnfte in Zeeland bieten alles, was Sie f\u00fcr einen unvergesslichen Familienurlaub ben\u00f6tigen. Entspannen Sie gemeinsam in luxuri\u00f6sen Unterk\u00fcnften mit Sauna oder genie\u00dfen Sie die Weitl\u00e4ufigkeit eines Ferienbauernhofs. In Zeeland finden Sie immer die perfekte Unterkunft f\u00fcr ein fantastisches Wochenende mit Freunden.<\/p>\n\n\n\n<h3 class=\"wp-block-heading\">Die besten Aktivit\u00e4ten f\u00fcr ein Freundeswochenende in Zeeland<\/h3>\n\n\n\n<p>Verbringen Sie ein erlebnisreiches Wochenende am Meer, in den D\u00fcnen oder inmitten der W\u00e4lder Zeelands. Unternehmen Sie eine fantastische Wanderung oder Radtour vorbei an malerischen D\u00f6rfern und den Highlights Zeelands, besuchen Sie den Deltapark Neeltje Jans oder machen Sie eine Bootsfahrt auf der Oosterschelde. Lust auf Action? Dann sind Attraktionen wie der Tropenzoo Berkenhof oder der Kletterwald Klimbos Zeeuwse Helden sehr zu empfehlen!<\/p>\n\n\n\n<h3 class=\"wp-block-heading\">Genie\u00dft Zeeland gemeinsam<\/h3>\n\n\n\n<p>Verbringen Sie ein unvergessliches Wochenende mit Freunden in Zeeland mit GroepenZeeland \u2013 entspannen Sie sich, entdecken Sie Neues und kn\u00fcpfen Sie Kontakte. Buchen Sie jetzt Ihren Aufenthalt und erleben Sie gemeinsam etwas Besonderes!<\/p>\n\n\n<style type='text\/css'>\n        #tz-spacer-6a04794d6def5 {\n            \n        }\n    <\/style><div id='tz-spacer-6a04794d6def5' class='tz-spacer'><\/div>","protected":false},"excerpt":{"rendered":"<p>Ein unterhaltsames Wochenende mit Freunden in Zeeland beginnt bei GroepenZeeland Lust auf einen fantastischen Wochenendtrip mit Freunden nach Zeeland? Buchen Sie eine unserer tollen Gruppenunterk\u00fcnfte und erleben Sie gemeinsam einen unvergesslichen Urlaub. Bei GroepenZeeland finden Sie unz\u00e4hlige M\u00f6glichkeiten: von preiswerten Unterk\u00fcnften bis hin zu luxuri\u00f6sen Hotels mit gro\u00dfem Aufenthaltsraum zum Entspannen und Feiern. Zeeland ist [&hellip;]<\/p>\n","protected":false},"author":1,"featured_media":10520,"parent":0,"menu_order":0,"comment_status":"closed","ping_status":"closed","template":"","meta":{"_acf_changed":false,"_tz_page_kind":"default","footnotes":""},"class_list":["post-10978","page","type-page","status-publish","has-post-thumbnail","hentry"],"acf":[],"_links":{"self":[{"href":"https:\/\/www.groepenzeeland.nl\/de\/wp-json\/wp\/v2\/pages\/10978","targetHints":{"allow":["GET"]}}],"collection":[{"href":"https:\/\/www.groepenzeeland.nl\/de\/wp-json\/wp\/v2\/pages"}],"about":[{"href":"https:\/\/www.groepenzeeland.nl\/de\/wp-json\/wp\/v2\/types\/page"}],"author":[{"embeddable":true,"href":"https:\/\/www.groepenzeeland.nl\/de\/wp-json\/wp\/v2\/users\/1"}],"replies":[{"embeddable":true,"href":"https:\/\/www.groepenzeeland.nl\/de\/wp-json\/wp\/v2\/comments?post=10978"}],"version-history":[{"count":0,"href":"https:\/\/www.groepenzeeland.nl\/de\/wp-json\/wp\/v2\/pages\/10978\/revisions"}],"wp:featuredmedia":[{"embeddable":true,"href":"https:\/\/www.groepenzeeland.nl\/de\/wp-json\/wp\/v2\/media\/10520"}],"wp:attachment":[{"href":"https:\/\/www.groepenzeeland.nl\/de\/wp-json\/wp\/v2\/media?parent=10978"}],"curies":[{"name":"wp","href":"https:\/\/api.w.org\/{rel}","templated":true}]}}