{"id":10977,"date":"2025-10-30T13:54:36","date_gmt":"2025-10-30T13:54:36","guid":{"rendered":"https:\/\/www.groepenzeeland.nl\/de\/"},"modified":"2025-11-21T12:20:26","modified_gmt":"2025-11-21T12:20:26","slug":"vereinswochenende-zeeland","status":"publish","type":"page","link":"https:\/\/www.groepenzeeland.nl\/de\/vereinswochenende-zeeland\/","title":{"rendered":"Vereinswochenende Zeeland"},"content":{"rendered":"<style type=\"text\/css\">\n    .header-heights {\n        height: 60vh;\n    }\n    .header-heights.home {\n        height: 60vh;\n    }\n    @media (max-width: 767px) {\n        .header-heights {\n            height: 30vh;\n        }\n        .header-heights.home {\n            height: 40vh;\n        }\n    }\n<\/style><section class=\"header-img\">\n        <div class=\"img-inner header-heights\" style=\"background-image: url(https:\/\/www.groepenzeeland.nl\/wp-content\/uploads\/2025\/09\/header-1600x613.jpg);\"><div class=\"header_content_innner container\"><div class=\"container zb-container\"><\/div><\/div><\/div><\/section>\n\n\n<h1 class=\"wp-block-heading\">Mieten Sie ein Gruppenhaus f\u00fcr Ihr Vereinswochenende in Zeeland<\/h1>\n\n\n\n<p>Suchen Sie eine Gruppenunterkunft f\u00fcr Ihren Verein, Club oder Ihre Mannschaft? Zeeland ist der perfekte Ort f\u00fcr ein gelungenes Clubwochenende. Egal ob Sie mit Ihrer Studentenvereinigung, Ihrem Sportteam, Tauchclub oder Musikclub reisen \u2013 auf GroepenZeeland.nl finden Sie die passende Unterkunft f\u00fcr Ihre Gruppe. Von einfachen Gruppenunterk\u00fcnften bis hin zu luxuri\u00f6sen Unterk\u00fcnften mit Sportpl\u00e4tzen, gro\u00dfen K\u00fcchen und gem\u00fctlichen Bereichen zum gemeinsamen Essen oder Feiern ist f\u00fcr jeden etwas dabei.<\/p>\n\n\n\n<h2 class=\"wp-block-heading\">Die ideale Gruppenunterkunft f\u00fcr Verb\u00e4nde<\/h2>\n\n\n\n<p>Unsere Gruppenunterk\u00fcnfte in Zeeland sind ideal f\u00fcr gr\u00f6\u00dfere Gruppen. Sie bieten ger\u00e4umige Schlafs\u00e4le, Mehrbettzimmer, Sport- und Spielm\u00f6glichkeiten und oft auch einen Au\u00dfenbereich mit Grill oder Lagerfeuer.<br>Ob Sie mit 15 oder 80 Personen reisen \u2013 wir haben immer die passende Gruppenunterkunft f\u00fcr Ihre Bed\u00fcrfnisse und Ihr Budget.<\/p>\n\n\n\n<p>Tipp: Nutzen Sie die praktische Suchfunktion auf GroepenZeeland.nl, um schnell nach Personenzahl, Lage (am Meer, in der Natur oder in Stadtn\u00e4he) und Ausstattung zu filtern.<\/p>\n\n\n<div class=\"harbor-main-widget\">\r\n<div is=\"search\"  :is-groepen-user=\"true\" :expandable=\"true\" :config=\"{categories:false, top: false,isDateRangePicker: true  }\" :pre-fill=\"true\" url=\"\/zoekresultaten\">&nbsp;<\/div>\r\n<div is=\"telesto\"  :link-more-info-to-image=\"true\"  theme=\"card\" :allow-multiple-filter-collapse=\"true\" :show-all-accommodations=\"true\" :is-enable-filter=\"true\" :filter-enabled=\"true\" :enableFilter=\"true\" :filters=\"{25:1}\"><\/div>\r\n<\/div>\n\n\n<h3 class=\"wp-block-heading\">Buchen Sie Ihr Vereinswochenende in Zeeland!<\/h3>\n\n\n\n<p>Auf GroepenZeeland.nl finden Sie eine gro\u00dfe Auswahl an Gruppenunterk\u00fcnften in Zeeland. Ob am Strand, auf dem Land oder in Stadtn\u00e4he \u2013 wir haben garantiert die passende Unterkunft f\u00fcr Ihren Verein. W\u00e4hlen Sie Ihren Wunschort, pr\u00fcfen Sie die Verf\u00fcgbarkeit und senden Sie eine Buchungsanfrage. So wird Ihr n\u00e4chstes Vereinswochenende garantiert ein Erfolg!<\/p>\n\n\n<style type='text\/css'>\n        #tz-spacer-69f3b596ee470 {\n            \n        }\n    <\/style><div id='tz-spacer-69f3b596ee470' class='tz-spacer'><\/div>","protected":false},"excerpt":{"rendered":"<p>Mieten Sie ein Gruppenhaus f\u00fcr Ihr Vereinswochenende in Zeeland Suchen Sie eine Gruppenunterkunft f\u00fcr Ihren Verein, Club oder Ihre Mannschaft? Zeeland ist der perfekte Ort f\u00fcr ein gelungenes Clubwochenende. Egal ob Sie mit Ihrer Studentenvereinigung, Ihrem Sportteam, Tauchclub oder Musikclub reisen \u2013 auf GroepenZeeland.nl finden Sie die passende Unterkunft f\u00fcr Ihre Gruppe. Von einfachen Gruppenunterk\u00fcnften [&hellip;]<\/p>\n","protected":false},"author":1,"featured_media":10706,"parent":0,"menu_order":0,"comment_status":"closed","ping_status":"closed","template":"","meta":{"_acf_changed":false,"_tz_page_kind":"landing","footnotes":""},"class_list":["post-10977","page","type-page","status-publish","has-post-thumbnail","hentry"],"acf":[],"_links":{"self":[{"href":"https:\/\/www.groepenzeeland.nl\/de\/wp-json\/wp\/v2\/pages\/10977","targetHints":{"allow":["GET"]}}],"collection":[{"href":"https:\/\/www.groepenzeeland.nl\/de\/wp-json\/wp\/v2\/pages"}],"about":[{"href":"https:\/\/www.groepenzeeland.nl\/de\/wp-json\/wp\/v2\/types\/page"}],"author":[{"embeddable":true,"href":"https:\/\/www.groepenzeeland.nl\/de\/wp-json\/wp\/v2\/users\/1"}],"replies":[{"embeddable":true,"href":"https:\/\/www.groepenzeeland.nl\/de\/wp-json\/wp\/v2\/comments?post=10977"}],"version-history":[{"count":0,"href":"https:\/\/www.groepenzeeland.nl\/de\/wp-json\/wp\/v2\/pages\/10977\/revisions"}],"wp:featuredmedia":[{"embeddable":true,"href":"https:\/\/www.groepenzeeland.nl\/de\/wp-json\/wp\/v2\/media\/10706"}],"wp:attachment":[{"href":"https:\/\/www.groepenzeeland.nl\/de\/wp-json\/wp\/v2\/media?parent=10977"}],"curies":[{"name":"wp","href":"https:\/\/api.w.org\/{rel}","templated":true}]}}