{"id":10960,"date":"2025-08-24T08:53:52","date_gmt":"2025-08-24T08:53:52","guid":{"rendered":"https:\/\/www.groepenzeeland.nl\/?page_id=10960"},"modified":"2025-11-06T08:51:02","modified_gmt":"2025-11-06T08:51:02","slug":"suchen-und-buchen","status":"publish","type":"page","link":"https:\/\/www.groepenzeeland.nl\/de\/suchen-und-buchen\/","title":{"rendered":"Suchen und buchen"},"content":{"rendered":"<style type=\"text\/css\">\n    .header-heights {\n        height: 60vh;\n    }\n    .header-heights.home {\n        height: 60vh;\n    }\n    @media (max-width: 767px) {\n        .header-heights {\n            height: 30vh;\n        }\n        .header-heights.home {\n            height: 40vh;\n        }\n    }\n<\/style><section class=\"header-img\">\n        <div class=\"img-inner header-heights\" style=\"background-image: url(https:\/\/www.groepenzeeland.nl\/wp-content\/uploads\/2025\/09\/header-1600x613.jpg);\"><div class=\"header_content_innner container\"><div class=\"header_txt\">\n                <h3>Viel Spa\u00df<\/h3><h2>in Zeeland<\/h2><\/div><div class=\"container zb-container\"><\/div><\/div><\/div><\/section>\n\n\n<h1 class=\"wp-block-heading\">Genie\u00dfen Sie eine wundervolle \u00dcbernachtung in einer Gruppenunterkunft in Zeeland<\/h1>\n\n\n\n<p>Mieten Sie Gruppenunterk\u00fcnfte in Zeeland mit GroepenZeeland und genie\u00dfen Sie einen unvergesslichen Aufenthalt mit Familie, Freunden oder Kollegen. GroepenZeeland bietet Ihnen einen umfassenden \u00dcberblick \u00fcber die vielf\u00e4ltigen Gruppenunterk\u00fcnfte und M\u00f6glichkeiten in Zeeland. Ob Sie eine preiswerte Gruppenunterkunft oder ein luxuri\u00f6ses Ferienhaus f\u00fcr ein sch\u00f6nes Familienwochenende, eine Klassenfahrt oder eine Gesch\u00e4ftsreise suchen \u2013 wir haben f\u00fcr jeden das Richtige. Alle Optionen sind \u00fcbersichtlich dargestellt, und mit unserer einfachen Such- und Buchungsfunktion finden Sie schnell und unkompliziert die beste Gruppenunterkunft in Zeeland!<\/p>\n\n\n<div class=\"harbor-main-widget\">\r\n<div is=\"search\"  :is-groepen-user=\"true\" :expandable=\"true\" :config=\"{categories:false, top: false,isDateRangePicker: true  }\" :pre-fill=\"true\" url=\"\/zoekresultaten\">&nbsp;<\/div>\r\n<div is=\"telesto\"  :link-more-info-to-image=\"true\"  theme=\"card\" :allow-multiple-filter-collapse=\"true\" :show-all-accommodations=\"true\" :is-enable-filter=\"true\" :filter-enabled=\"true\" :enableFilter=\"true\"><\/div>\r\n<\/div>\n\n<style type='text\/css'>\n        #tz-spacer-69f527fd5f9f2 {\n            \n        }\n    <\/style><div id='tz-spacer-69f527fd5f9f2' class='tz-spacer'><\/div>","protected":false},"excerpt":{"rendered":"<p>Genie\u00dfen Sie eine wundervolle \u00dcbernachtung in einer Gruppenunterkunft in Zeeland Mieten Sie Gruppenunterk\u00fcnfte in Zeeland mit GroepenZeeland und genie\u00dfen Sie einen unvergesslichen Aufenthalt mit Familie, Freunden oder Kollegen. GroepenZeeland bietet Ihnen einen umfassenden \u00dcberblick \u00fcber die vielf\u00e4ltigen Gruppenunterk\u00fcnfte und M\u00f6glichkeiten in Zeeland. Ob Sie eine preiswerte Gruppenunterkunft oder ein luxuri\u00f6ses Ferienhaus f\u00fcr ein sch\u00f6nes Familienwochenende, [&hellip;]<\/p>\n","protected":false},"author":1,"featured_media":10706,"parent":0,"menu_order":0,"comment_status":"closed","ping_status":"closed","template":"","meta":{"_acf_changed":false,"_tz_page_kind":"default","footnotes":""},"class_list":["post-10960","page","type-page","status-publish","has-post-thumbnail","hentry"],"acf":[],"_links":{"self":[{"href":"https:\/\/www.groepenzeeland.nl\/de\/wp-json\/wp\/v2\/pages\/10960","targetHints":{"allow":["GET"]}}],"collection":[{"href":"https:\/\/www.groepenzeeland.nl\/de\/wp-json\/wp\/v2\/pages"}],"about":[{"href":"https:\/\/www.groepenzeeland.nl\/de\/wp-json\/wp\/v2\/types\/page"}],"author":[{"embeddable":true,"href":"https:\/\/www.groepenzeeland.nl\/de\/wp-json\/wp\/v2\/users\/1"}],"replies":[{"embeddable":true,"href":"https:\/\/www.groepenzeeland.nl\/de\/wp-json\/wp\/v2\/comments?post=10960"}],"version-history":[{"count":1,"href":"https:\/\/www.groepenzeeland.nl\/de\/wp-json\/wp\/v2\/pages\/10960\/revisions"}],"predecessor-version":[{"id":10961,"href":"https:\/\/www.groepenzeeland.nl\/de\/wp-json\/wp\/v2\/pages\/10960\/revisions\/10961"}],"wp:featuredmedia":[{"embeddable":true,"href":"https:\/\/www.groepenzeeland.nl\/de\/wp-json\/wp\/v2\/media\/10706"}],"wp:attachment":[{"href":"https:\/\/www.groepenzeeland.nl\/de\/wp-json\/wp\/v2\/media?parent=10960"}],"curies":[{"name":"wp","href":"https:\/\/api.w.org\/{rel}","templated":true}]}}