{"id":10956,"date":"2025-09-02T12:01:55","date_gmt":"2025-09-02T12:01:55","guid":{"rendered":"https:\/\/www.groepenzeeland.nl\/?page_id=10956"},"modified":"2025-11-06T08:39:20","modified_gmt":"2025-11-06T08:39:20","slug":"ueber-uns","status":"publish","type":"page","link":"https:\/\/www.groepenzeeland.nl\/de\/ueber-uns\/","title":{"rendered":"\u00dcber uns"},"content":{"rendered":"<style type=\"text\/css\">\n    .header-heights {\n        height: 60vh;\n    }\n    .header-heights.home {\n        height: 60vh;\n    }\n    @media (max-width: 767px) {\n        .header-heights {\n            height: 30vh;\n        }\n        .header-heights.home {\n            height: 40vh;\n        }\n    }\n<\/style><section class=\"header-img\">\n        <div class=\"img-inner header-heights\" style=\"background-image: url(https:\/\/www.groepenzeeland.nl\/wp-content\/uploads\/2025\/09\/header-1600x613.jpg);\"><div class=\"header_content_innner container\"><div class=\"container zb-container\"><\/div><\/div><\/div><\/section>\n\n\n<h1 class=\"wp-block-heading\">\u00dcber GruppenZeeland<\/h1>\n\n\n\n<p>Die Stiftung GroepenZeeland wurde 2007 gegr\u00fcndet, um Gruppen, die eine Reise nach Zeeland planen, einen umfassenden \u00dcberblick \u00fcber alle Gruppenunterk\u00fcnfte in der Provinz zu bieten. Alle 30 angeschlossenen Unternehmen erf\u00fcllen die gesetzlichen Qualit\u00e4tsanforderungen.<\/p>\n\n\n\n<p>Ob Sie eine Unterkunft f\u00fcr ein Familienwochenende, ein Jugendcamp oder einen Vereinsausflug suchen \u2013 GroepenZeeland hat f\u00fcr jede Gruppe die passende L\u00f6sung.<\/p>\n\n\n\n<p>Das Angebot reicht von einfach bis luxuri\u00f6s und umfasst auch barrierefreie Unterk\u00fcnfte. GroepenZeeland bietet f\u00fcr jeden etwas.<\/p>\n\n\n\n<p>Die Provinz Zeeland bietet die perfekte Kombination aus Meer, Strand, D\u00fcnen, W\u00e4ldern, Poldern, historischen D\u00f6rfern und St\u00e4dten und vor allem Wasser im \u00dcberfluss. Ob Wochenendtrip, Aufenthalt unter der Woche oder einw\u00f6chiger Urlaub \u2013 Zeeland bietet das Komplettpaket.<\/p>\n\n\n\n<p>Wir w\u00fcnschen Ihnen viel Freude bei der Suche nach der passenden Unterkunft und vor allem einen angenehmen Aufenthalt in unserer wundersch\u00f6nen Provinz.<\/p>\n\n\n\n<p>Bei Fragen zu administrativen Angelegenheiten, Anmerkungen oder Mitteilungen an den Vorstand wenden Sie sich bitte an:<\/p>\n\n\n\n<p>Stichting GroepenZeeland<br>KvK: 20145665<br>E:&nbsp;<a href=\"mailto:info@groepenzeeland.nl\">info@groepenzeeland.nl<\/a><\/p>\n\n\n<style type='text\/css'>\n        #tz-spacer-69f5f5dc571e1 {\n            \n        }\n    <\/style><div id='tz-spacer-69f5f5dc571e1' class='tz-spacer'><\/div>","protected":false},"excerpt":{"rendered":"<p>\u00dcber GruppenZeeland Die Stiftung GroepenZeeland wurde 2007 gegr\u00fcndet, um Gruppen, die eine Reise nach Zeeland planen, einen umfassenden \u00dcberblick \u00fcber alle Gruppenunterk\u00fcnfte in der Provinz zu bieten. Alle 30 angeschlossenen Unternehmen erf\u00fcllen die gesetzlichen Qualit\u00e4tsanforderungen. Ob Sie eine Unterkunft f\u00fcr ein Familienwochenende, ein Jugendcamp oder einen Vereinsausflug suchen \u2013 GroepenZeeland hat f\u00fcr jede Gruppe die [&hellip;]<\/p>\n","protected":false},"author":1,"featured_media":10706,"parent":0,"menu_order":0,"comment_status":"closed","ping_status":"closed","template":"","meta":{"_acf_changed":false,"_tz_page_kind":"default","footnotes":""},"class_list":["post-10956","page","type-page","status-publish","has-post-thumbnail","hentry"],"acf":[],"_links":{"self":[{"href":"https:\/\/www.groepenzeeland.nl\/de\/wp-json\/wp\/v2\/pages\/10956","targetHints":{"allow":["GET"]}}],"collection":[{"href":"https:\/\/www.groepenzeeland.nl\/de\/wp-json\/wp\/v2\/pages"}],"about":[{"href":"https:\/\/www.groepenzeeland.nl\/de\/wp-json\/wp\/v2\/types\/page"}],"author":[{"embeddable":true,"href":"https:\/\/www.groepenzeeland.nl\/de\/wp-json\/wp\/v2\/users\/1"}],"replies":[{"embeddable":true,"href":"https:\/\/www.groepenzeeland.nl\/de\/wp-json\/wp\/v2\/comments?post=10956"}],"version-history":[{"count":2,"href":"https:\/\/www.groepenzeeland.nl\/de\/wp-json\/wp\/v2\/pages\/10956\/revisions"}],"predecessor-version":[{"id":10958,"href":"https:\/\/www.groepenzeeland.nl\/de\/wp-json\/wp\/v2\/pages\/10956\/revisions\/10958"}],"wp:featuredmedia":[{"embeddable":true,"href":"https:\/\/www.groepenzeeland.nl\/de\/wp-json\/wp\/v2\/media\/10706"}],"wp:attachment":[{"href":"https:\/\/www.groepenzeeland.nl\/de\/wp-json\/wp\/v2\/media?parent=10956"}],"curies":[{"name":"wp","href":"https:\/\/api.w.org\/{rel}","templated":true}]}}