{"id":10934,"date":"2025-09-02T12:39:56","date_gmt":"2025-09-02T12:39:56","guid":{"rendered":"https:\/\/www.groepenzeeland.nl\/?page_id=10934"},"modified":"2025-11-05T15:33:49","modified_gmt":"2025-11-05T15:33:49","slug":"wassersport","status":"publish","type":"page","link":"https:\/\/www.groepenzeeland.nl\/de\/entdecken-sie-zeeland\/wassersport\/","title":{"rendered":"Wassersport"},"content":{"rendered":"<style type=\"text\/css\">\n    .header-heights {\n        height: 60vh;\n    }\n    .header-heights.home {\n        height: 60vh;\n    }\n    @media (max-width: 767px) {\n        .header-heights {\n            height: 30vh;\n        }\n        .header-heights.home {\n            height: 40vh;\n        }\n    }\n<\/style><section class=\"header-img\">\n        <div class=\"img-inner header-heights\" style=\"background-image: url(https:\/\/www.groepenzeeland.nl\/wp-content\/uploads\/2025\/09\/header-1600x613.jpg);\"><div class=\"header_content_innner container\"><div class=\"header_txt\">\n                <h3>Viel Spa\u00df<\/h3><h2>in Zeeland<\/h2><\/div><div class=\"container zb-container\"><\/div><\/div><\/div><\/section>\n\n\n<h1 class=\"wp-block-heading\">Verr\u00fcckte Wassersportarten in Zeeland<\/h1>\n\n\n\n<p>Aktiv und abenteuerlustig? In Zeeland erwarten dich die tollsten Wassersportarten. Zeeland bietet wundersch\u00f6ne Kitesurf-Spots und fantastische Gew\u00e4sser mit einer atemberaubenden Unterwasserwelt.<\/p>\n\n\n\n<p>Entdecke auch du die einzigartige Flora und Fauna. F\u00fcr Kurse oder Auffrischungskurse findest du in der Region zahlreiche Surf- und Tauchschulen. Schon bald wirst du selbst im Wasser stehen.<\/p>\n\n\n\n<p>Worauf wartest du noch?<\/p>\n\n\n\n<h2 class=\"wp-block-heading\">Kitesurf- und Surfschulen in Zeeland<\/h2>\n\n\n\n<p>Neben Kitesurfen bieten sich in Zeeland auch Powerkiting, Windsurfen und Kajakfahren an. Der bekannte Brouwersdam und das wundersch\u00f6ne Grevelingenmeer sind ideale Kitesurf-Spots. In Surfschulen wie dem Beachclub Natural High in Ouddorp und Xwatersport in Kamperland k\u00f6nnen Sie Wassersporterfahrung sammeln. Bevorzugen Sie trockenes Land? Dann sind Strandsegeln oder Kitebuggyfahren vielleicht genau das Richtige f\u00fcr Sie!<\/p>\n\n\n\n<h3 class=\"wp-block-heading\">Tauchen und atemberaubende Tauchpl\u00e4tze in Zeeland<\/h3>\n\n\n\n<p>Das Grevelingenmeer und die Oosterschelde in Zeeland sind fantastische Tauchgebiete f\u00fcr erfahrene und unerfahrene Taucher. Entdecken Sie die atemberaubende Unterwasserwelt Zeelands. Wemeldinge, Kattendijke und die S\u00fcdk\u00fcste von Schouwen-Duivenland z\u00e4hlen zu den besten Tauchpl\u00e4tzen der Region. Noch keine Taucherfahrung? Dann wenden Sie sich an eine der Tauchschulen in Zeeland, wie zum Beispiel die Duikschool de Grevelingen oder de Witte Boulevard in Renesse.<\/p>\n\n\n<div class=\"overzicht-full-width normaal normaal\"><div class=\"container\"><div class=\"overview-txt\"><\/div><div class=\"overzicht-archive row tz-blocks\"><a href=\"https:\/\/www.groepenzeeland.nl\/de\/entdecken-sie-zeeland\/tagesausflug\/\" class=\"col-blocks-3 tz-arrangementen-item\"><img decoding=\"async\" src=\"https:\/\/www.groepenzeeland.nl\/wp-content\/uploads\/2025\/09\/dagje_uit.jpg\" alt=\"\" class=\"attachment-medium size-medium not-transparent wp-post-image\"><div class=\"overview-text\"><h3>Tagesausflug<\/h3><span class=\"btn read-more\">Mehr lesen<\/span><\/div><\/a><a href=\"https:\/\/www.groepenzeeland.nl\/de\/entdecken-sie-zeeland\/umgebung\/\" class=\"col-blocks-3 tz-arrangementen-item\"><img decoding=\"async\" src=\"https:\/\/www.groepenzeeland.nl\/wp-content\/uploads\/2025\/09\/omgeving.jpg\" alt=\"\" class=\"attachment-medium size-medium not-transparent wp-post-image\"><div class=\"overview-text\"><h3>Umgebung <\/h3><span class=\"btn read-more\">Mehr lesen<\/span><\/div><\/a><a href=\"https:\/\/www.groepenzeeland.nl\/de\/entdecken-sie-zeeland\/aktiv-unterwegs\/\" class=\"col-blocks-3 tz-arrangementen-item\"><img decoding=\"async\" src=\"https:\/\/www.groepenzeeland.nl\/wp-content\/uploads\/2025\/09\/actief.jpg\" alt=\"\" class=\"attachment-medium size-medium not-transparent wp-post-image\"><div class=\"overview-text\"><h3>aktiv unterwegs<\/h3><span class=\"btn read-more\">Mehr lesen<\/span><\/div><\/a><a href=\"https:\/\/www.groepenzeeland.nl\/de\/entdecken-sie-zeeland\/mit-den-kindern\/\" class=\"col-blocks-3 tz-arrangementen-item\"><img decoding=\"async\" src=\"https:\/\/www.groepenzeeland.nl\/wp-content\/uploads\/2025\/09\/kinderen.jpg\" alt=\"\" class=\"attachment-medium size-medium not-transparent wp-post-image\"><div class=\"overview-text\"><h3>Mit den Kindern<\/h3><span class=\"btn read-more\">Mehr lesen<\/span><\/div><\/a><a href=\"https:\/\/www.groepenzeeland.nl\/de\/entdecken-sie-zeeland\/wassersport\/\" class=\"col-blocks-3 tz-arrangementen-item\"><img decoding=\"async\" src=\"https:\/\/www.groepenzeeland.nl\/wp-content\/uploads\/2025\/09\/watersport.jpg\" alt=\"\" class=\"attachment-medium size-medium not-transparent wp-post-image\"><div class=\"overview-text\"><h3>Wassersport<\/h3><span class=\"btn read-more\">Mehr lesen<\/span><\/div><\/a><a href=\"https:\/\/www.groepenzeeland.nl\/de\/entdecken-sie-zeeland\/gruppenausflug\/\" class=\"col-blocks-3 tz-arrangementen-item\"><img decoding=\"async\" src=\"https:\/\/www.groepenzeeland.nl\/wp-content\/uploads\/2025\/09\/groepsuitje.jpg\" alt=\"\" class=\"attachment-medium size-medium not-transparent wp-post-image\"><div class=\"overview-text\"><h3>Gruppenausflug<\/h3><span class=\"btn read-more\">Mehr lesen<\/span><\/div><\/a><\/div><\/div><\/div>\n\n<style type='text\/css'>\n        #tz-spacer-69f37f67741ad {\n            \n        }\n    <\/style><div id='tz-spacer-69f37f67741ad' class='tz-spacer'><\/div>","protected":false},"excerpt":{"rendered":"<p>Verr\u00fcckte Wassersportarten in Zeeland Aktiv und abenteuerlustig? In Zeeland erwarten dich die tollsten Wassersportarten. Zeeland bietet wundersch\u00f6ne Kitesurf-Spots und fantastische Gew\u00e4sser mit einer atemberaubenden Unterwasserwelt. Entdecke auch du die einzigartige Flora und Fauna. F\u00fcr Kurse oder Auffrischungskurse findest du in der Region zahlreiche Surf- und Tauchschulen. Schon bald wirst du selbst im Wasser stehen. Worauf [&hellip;]<\/p>\n","protected":false},"author":1,"featured_media":10733,"parent":10910,"menu_order":0,"comment_status":"closed","ping_status":"closed","template":"","meta":{"_acf_changed":false,"_tz_page_kind":"default","footnotes":""},"class_list":["post-10934","page","type-page","status-publish","has-post-thumbnail","hentry"],"acf":[],"_links":{"self":[{"href":"https:\/\/www.groepenzeeland.nl\/de\/wp-json\/wp\/v2\/pages\/10934","targetHints":{"allow":["GET"]}}],"collection":[{"href":"https:\/\/www.groepenzeeland.nl\/de\/wp-json\/wp\/v2\/pages"}],"about":[{"href":"https:\/\/www.groepenzeeland.nl\/de\/wp-json\/wp\/v2\/types\/page"}],"author":[{"embeddable":true,"href":"https:\/\/www.groepenzeeland.nl\/de\/wp-json\/wp\/v2\/users\/1"}],"replies":[{"embeddable":true,"href":"https:\/\/www.groepenzeeland.nl\/de\/wp-json\/wp\/v2\/comments?post=10934"}],"version-history":[{"count":4,"href":"https:\/\/www.groepenzeeland.nl\/de\/wp-json\/wp\/v2\/pages\/10934\/revisions"}],"predecessor-version":[{"id":10941,"href":"https:\/\/www.groepenzeeland.nl\/de\/wp-json\/wp\/v2\/pages\/10934\/revisions\/10941"}],"up":[{"embeddable":true,"href":"https:\/\/www.groepenzeeland.nl\/de\/wp-json\/wp\/v2\/pages\/10910"}],"wp:featuredmedia":[{"embeddable":true,"href":"https:\/\/www.groepenzeeland.nl\/de\/wp-json\/wp\/v2\/media\/10733"}],"wp:attachment":[{"href":"https:\/\/www.groepenzeeland.nl\/de\/wp-json\/wp\/v2\/media?parent=10934"}],"curies":[{"name":"wp","href":"https:\/\/api.w.org\/{rel}","templated":true}]}}