{"id":10930,"date":"2025-09-02T12:29:23","date_gmt":"2025-09-02T12:29:23","guid":{"rendered":"https:\/\/www.groepenzeeland.nl\/?page_id=10930"},"modified":"2025-11-05T15:40:01","modified_gmt":"2025-11-05T15:40:01","slug":"umgebung","status":"publish","type":"page","link":"https:\/\/www.groepenzeeland.nl\/de\/entdecken-sie-zeeland\/umgebung\/","title":{"rendered":"Umgebung"},"content":{"rendered":"<style type=\"text\/css\">\n    .header-heights {\n        height: 60vh;\n    }\n    .header-heights.home {\n        height: 60vh;\n    }\n    @media (max-width: 767px) {\n        .header-heights {\n            height: 30vh;\n        }\n        .header-heights.home {\n            height: 40vh;\n        }\n    }\n<\/style><section class=\"header-img\">\n        <div class=\"img-inner header-heights\" style=\"background-image: url(https:\/\/www.groepenzeeland.nl\/wp-content\/uploads\/2025\/09\/header-1600x613.jpg);\"><div class=\"header_content_innner container\"><div class=\"header_txt\">\n                <h3>Viel Spa\u00df<\/h3><h2>in Zeeland<\/h2><\/div><div class=\"container zb-container\"><\/div><\/div><\/div><\/section>\n\n\n<h2 class=\"wp-block-heading\">Radwege entlang der atemberaubenden K\u00fcstenregion<\/h2>\n\n\n\n<p>Schnapp dir dein Fahrrad oder schn\u00fcr deine Wanderschuhe und entdecke Zeelands wundersch\u00f6ne K\u00fcste. Genie\u00dfe atemberaubende Ausblicke von malerischen Wander- und Radwegen durch die D\u00fcnen, wie der Nordsee-K\u00fcstenroute und der Bunkerroute. Auf der einen Seite siehst du den Strand und das Meer von Zeeland, auf der anderen die gr\u00fcne Landschaft. Bei sch\u00f6nem Wetter kannst du dich im Meer erfrischen oder in einem gem\u00fctlichen Strandpavillon ein k\u00fchles Getr\u00e4nk genie\u00dfen.<\/p>\n\n\n\n<h2 class=\"wp-block-heading\">Wundersch\u00f6ne D\u00f6rfer und St\u00e4dte in Zeeland<\/h2>\n\n\n\n<p>Nicht nur die Natursch\u00f6nheit Zeelands ist bezaubernd. Entdecken Sie den Charme von K\u00fcstenorten wie Zierikzee, Oostkapelle und Domburg oder von gr\u00f6\u00dferen St\u00e4dten wie dem bekannten Vlissingen, der Hauptstadt Middelburg oder dem stets geselligen Terneuzen. Jedes der malerischen D\u00f6rfer und St\u00e4dte Zeelands hat seinen ganz eigenen Charakter und wird Jung und Alt gleicherma\u00dfen begeistern. Und nat\u00fcrlich k\u00f6nnen Sie in den charmanten Caf\u00e9s und Restaurants Zeelands k\u00f6stliche Speisen und Getr\u00e4nke genie\u00dfen.<\/p>\n\n\n\n<h3 class=\"wp-block-heading\">Die Naturschutzgebiete von Zeeland, die Sie nicht verpassen sollten<\/h3>\n\n\n\n<p>Jeder Quadratmeter Zeelands ist unber\u00fchrte Natur. Von gr\u00fcnen W\u00e4ldern bis hin zu endlosen D\u00fcnen. Ein absolutes Muss f\u00fcr Naturliebhaber, Radfahrer und Wanderer. Der Nationalpark Oosterschelde, Schloss Haamstede und der Zwaakse Weel bei Goes sind nur einige der Dutzenden weitl\u00e4ufigen Naturschutzgebiete Zeelands, die reich an Natur, Geschichte und einer enormen Artenvielfalt sind. Kurz gesagt: Vergessen Sie Ihre Kamera nicht!<\/p>\n\n\n\n<h3 class=\"wp-block-heading\">Entdecken Sie auch<\/h3>\n\n\n<div class=\"overzicht-full-width normaal normaal\"><div class=\"container\"><div class=\"overview-txt\"><\/div><div class=\"overzicht-archive row tz-blocks\"><a href=\"https:\/\/www.groepenzeeland.nl\/de\/entdecken-sie-zeeland\/tagesausflug\/\" class=\"col-blocks-3 tz-arrangementen-item\"><img decoding=\"async\" src=\"https:\/\/www.groepenzeeland.nl\/wp-content\/uploads\/2025\/09\/dagje_uit.jpg\" alt=\"\" class=\"attachment-medium size-medium not-transparent wp-post-image\"><div class=\"overview-text\"><h3>Tagesausflug<\/h3><span class=\"btn read-more\">Mehr lesen<\/span><\/div><\/a><a href=\"https:\/\/www.groepenzeeland.nl\/de\/entdecken-sie-zeeland\/umgebung\/\" class=\"col-blocks-3 tz-arrangementen-item\"><img decoding=\"async\" src=\"https:\/\/www.groepenzeeland.nl\/wp-content\/uploads\/2025\/09\/omgeving.jpg\" alt=\"\" class=\"attachment-medium size-medium not-transparent wp-post-image\"><div class=\"overview-text\"><h3>Umgebung <\/h3><span class=\"btn read-more\">Mehr lesen<\/span><\/div><\/a><a href=\"https:\/\/www.groepenzeeland.nl\/de\/entdecken-sie-zeeland\/aktiv-unterwegs\/\" class=\"col-blocks-3 tz-arrangementen-item\"><img decoding=\"async\" src=\"https:\/\/www.groepenzeeland.nl\/wp-content\/uploads\/2025\/09\/actief.jpg\" alt=\"\" class=\"attachment-medium size-medium not-transparent wp-post-image\"><div class=\"overview-text\"><h3>aktiv unterwegs<\/h3><span class=\"btn read-more\">Mehr lesen<\/span><\/div><\/a><a href=\"https:\/\/www.groepenzeeland.nl\/de\/entdecken-sie-zeeland\/mit-den-kindern\/\" class=\"col-blocks-3 tz-arrangementen-item\"><img decoding=\"async\" src=\"https:\/\/www.groepenzeeland.nl\/wp-content\/uploads\/2025\/09\/kinderen.jpg\" alt=\"\" class=\"attachment-medium size-medium not-transparent wp-post-image\"><div class=\"overview-text\"><h3>Mit den Kindern<\/h3><span class=\"btn read-more\">Mehr lesen<\/span><\/div><\/a><a href=\"https:\/\/www.groepenzeeland.nl\/de\/entdecken-sie-zeeland\/wassersport\/\" class=\"col-blocks-3 tz-arrangementen-item\"><img decoding=\"async\" src=\"https:\/\/www.groepenzeeland.nl\/wp-content\/uploads\/2025\/09\/watersport.jpg\" alt=\"\" class=\"attachment-medium size-medium not-transparent wp-post-image\"><div class=\"overview-text\"><h3>Wassersport<\/h3><span class=\"btn read-more\">Mehr lesen<\/span><\/div><\/a><a href=\"https:\/\/www.groepenzeeland.nl\/de\/entdecken-sie-zeeland\/gruppenausflug\/\" class=\"col-blocks-3 tz-arrangementen-item\"><img decoding=\"async\" src=\"https:\/\/www.groepenzeeland.nl\/wp-content\/uploads\/2025\/09\/groepsuitje.jpg\" alt=\"\" class=\"attachment-medium size-medium not-transparent wp-post-image\"><div class=\"overview-text\"><h3>Gruppenausflug<\/h3><span class=\"btn read-more\">Mehr lesen<\/span><\/div><\/a><\/div><\/div><\/div>\n\n<style type='text\/css'>\n        #tz-spacer-69f37bde04e21 {\n            \n        }\n    <\/style><div id='tz-spacer-69f37bde04e21' class='tz-spacer'><\/div>","protected":false},"excerpt":{"rendered":"<p>Radwege entlang der atemberaubenden K\u00fcstenregion Schnapp dir dein Fahrrad oder schn\u00fcr deine Wanderschuhe und entdecke Zeelands wundersch\u00f6ne K\u00fcste. Genie\u00dfe atemberaubende Ausblicke von malerischen Wander- und Radwegen durch die D\u00fcnen, wie der Nordsee-K\u00fcstenroute und der Bunkerroute. Auf der einen Seite siehst du den Strand und das Meer von Zeeland, auf der anderen die gr\u00fcne Landschaft. Bei [&hellip;]<\/p>\n","protected":false},"author":1,"featured_media":10737,"parent":10910,"menu_order":0,"comment_status":"closed","ping_status":"closed","template":"","meta":{"_acf_changed":false,"_tz_page_kind":"default","footnotes":""},"class_list":["post-10930","page","type-page","status-publish","has-post-thumbnail","hentry"],"acf":[],"_links":{"self":[{"href":"https:\/\/www.groepenzeeland.nl\/de\/wp-json\/wp\/v2\/pages\/10930","targetHints":{"allow":["GET"]}}],"collection":[{"href":"https:\/\/www.groepenzeeland.nl\/de\/wp-json\/wp\/v2\/pages"}],"about":[{"href":"https:\/\/www.groepenzeeland.nl\/de\/wp-json\/wp\/v2\/types\/page"}],"author":[{"embeddable":true,"href":"https:\/\/www.groepenzeeland.nl\/de\/wp-json\/wp\/v2\/users\/1"}],"replies":[{"embeddable":true,"href":"https:\/\/www.groepenzeeland.nl\/de\/wp-json\/wp\/v2\/comments?post=10930"}],"version-history":[{"count":3,"href":"https:\/\/www.groepenzeeland.nl\/de\/wp-json\/wp\/v2\/pages\/10930\/revisions"}],"predecessor-version":[{"id":10949,"href":"https:\/\/www.groepenzeeland.nl\/de\/wp-json\/wp\/v2\/pages\/10930\/revisions\/10949"}],"up":[{"embeddable":true,"href":"https:\/\/www.groepenzeeland.nl\/de\/wp-json\/wp\/v2\/pages\/10910"}],"wp:featuredmedia":[{"embeddable":true,"href":"https:\/\/www.groepenzeeland.nl\/de\/wp-json\/wp\/v2\/media\/10737"}],"wp:attachment":[{"href":"https:\/\/www.groepenzeeland.nl\/de\/wp-json\/wp\/v2\/media?parent=10930"}],"curies":[{"name":"wp","href":"https:\/\/api.w.org\/{rel}","templated":true}]}}