{"id":10926,"date":"2025-09-02T12:38:01","date_gmt":"2025-09-02T12:38:01","guid":{"rendered":"https:\/\/www.groepenzeeland.nl\/?page_id=10926"},"modified":"2025-11-05T15:38:57","modified_gmt":"2025-11-05T15:38:57","slug":"mit-den-kindern","status":"publish","type":"page","link":"https:\/\/www.groepenzeeland.nl\/de\/entdecken-sie-zeeland\/mit-den-kindern\/","title":{"rendered":"Mit den Kindern"},"content":{"rendered":"<style type=\"text\/css\">\n    .header-heights {\n        height: 60vh;\n    }\n    .header-heights.home {\n        height: 60vh;\n    }\n    @media (max-width: 767px) {\n        .header-heights {\n            height: 30vh;\n        }\n        .header-heights.home {\n            height: 40vh;\n        }\n    }\n<\/style><section class=\"header-img\">\n        <div class=\"img-inner header-heights\" style=\"background-image: url(https:\/\/www.groepenzeeland.nl\/wp-content\/uploads\/2025\/09\/header-1600x613.jpg);\"><div class=\"header_content_innner container\"><div class=\"header_txt\">\n                <h3>Viel Spa\u00df<\/h3><h2>in Zeeland<\/h2><\/div><div class=\"container zb-container\"><\/div><\/div><\/div><\/section>\n\n\n<h1 class=\"wp-block-heading\">Die besten Kinderaktivit\u00e4ten in Zeeland<\/h1>\n\n\n\n<p>Verbringen Sie Ihren Urlaub mit Kindern in einer gem\u00fctlichen Gruppenunterkunft in Zeeland, entdecken Sie die sch\u00f6nsten Ausflugsziele und erleben Sie unvergessliche Momente.<\/p>\n\n\n\n<p>Wie w\u00e4re es mit Laser Tag in Toversluis oder einem echten Piratenabenteuer im Het Arsenaal in Vlissingen?<\/p>\n\n\n\n<p>Sie k\u00f6nnen auch gemeinsam Minigolf spielen, in der Bowlingbahn ein paar Strikes erzielen oder Ihre Kinder im Explorado in Ostende zu echten Entdeckern werden lassen. Zeeland ist ein gro\u00dfes Abenteuer f\u00fcr Gro\u00df und Klein!<\/p>\n\n\n\n<h2 class=\"wp-block-heading\">Tauchen Sie ein in einen herrlich warmen tropischen Pool<\/h2>\n\n\n\n<p>Neben den vielen nat\u00fcrlichen Wasserwegen Zeelands bieten sich auch die Schwimmb\u00e4der der Region an, zum Beispiel das tropische Schwimmbad Omnium in Goes oder das Schwimmbad De Parel im charmanten K\u00fcstenort Domburg. Sind Ihre Kinder begeisterte Rutsch- und Piratenattraktionen? Dann ist der Wasserpark Het Arsenaal mit seinen aufregenden Fahrgesch\u00e4ften und Rutschen genau das Richtige f\u00fcr sie. Ein perfekter Ausflug f\u00fcr die ganze Familie!<\/p>\n\n\n\n<h3 class=\"wp-block-heading\">F\u00fcr die wahren Tierliebhaber unter uns<\/h3>\n\n\n\n<p>Zeeland bietet zahlreiche Ausflugsm\u00f6glichkeiten f\u00fcr Kindergruppen. Tierliebhaber kommen in der Region Zeeland voll auf ihre Kosten. Entdecken Sie eine Vielzahl wilder Tiere im Tropenzoo Berkenhof in Kwadendamme oder erkunden Sie die faszinierende Unterwasserwelt im Sealife Blankenberge. Sind Sie ein Robbenfan? Dann unternehmen Sie eine Bootsfahrt auf der wundersch\u00f6nen Oosterschelde und beobachten Sie diese majest\u00e4tischen Tiere in freier Wildbahn.<\/p>\n\n\n\n<h3 class=\"wp-block-heading\">Entdecken Sie auch<\/h3>\n\n\n<div class=\"overzicht-full-width normaal normaal\"><div class=\"container\"><div class=\"overview-txt\"><\/div><div class=\"overzicht-archive row tz-blocks\"><a href=\"https:\/\/www.groepenzeeland.nl\/de\/entdecken-sie-zeeland\/tagesausflug\/\" class=\"col-blocks-3 tz-arrangementen-item\"><img decoding=\"async\" src=\"https:\/\/www.groepenzeeland.nl\/wp-content\/uploads\/2025\/09\/dagje_uit.jpg\" alt=\"\" class=\"attachment-medium size-medium not-transparent wp-post-image\"><div class=\"overview-text\"><h3>Tagesausflug<\/h3><span class=\"btn read-more\">Mehr lesen<\/span><\/div><\/a><a href=\"https:\/\/www.groepenzeeland.nl\/de\/entdecken-sie-zeeland\/umgebung\/\" class=\"col-blocks-3 tz-arrangementen-item\"><img decoding=\"async\" src=\"https:\/\/www.groepenzeeland.nl\/wp-content\/uploads\/2025\/09\/omgeving.jpg\" alt=\"\" class=\"attachment-medium size-medium not-transparent wp-post-image\"><div class=\"overview-text\"><h3>Umgebung <\/h3><span class=\"btn read-more\">Mehr lesen<\/span><\/div><\/a><a href=\"https:\/\/www.groepenzeeland.nl\/de\/entdecken-sie-zeeland\/aktiv-unterwegs\/\" class=\"col-blocks-3 tz-arrangementen-item\"><img decoding=\"async\" src=\"https:\/\/www.groepenzeeland.nl\/wp-content\/uploads\/2025\/09\/actief.jpg\" alt=\"\" class=\"attachment-medium size-medium not-transparent wp-post-image\"><div class=\"overview-text\"><h3>aktiv unterwegs<\/h3><span class=\"btn read-more\">Mehr lesen<\/span><\/div><\/a><a href=\"https:\/\/www.groepenzeeland.nl\/de\/entdecken-sie-zeeland\/mit-den-kindern\/\" class=\"col-blocks-3 tz-arrangementen-item\"><img decoding=\"async\" src=\"https:\/\/www.groepenzeeland.nl\/wp-content\/uploads\/2025\/09\/kinderen.jpg\" alt=\"\" class=\"attachment-medium size-medium not-transparent wp-post-image\"><div class=\"overview-text\"><h3>Mit den Kindern<\/h3><span class=\"btn read-more\">Mehr lesen<\/span><\/div><\/a><a href=\"https:\/\/www.groepenzeeland.nl\/de\/entdecken-sie-zeeland\/wassersport\/\" class=\"col-blocks-3 tz-arrangementen-item\"><img decoding=\"async\" src=\"https:\/\/www.groepenzeeland.nl\/wp-content\/uploads\/2025\/09\/watersport.jpg\" alt=\"\" class=\"attachment-medium size-medium not-transparent wp-post-image\"><div class=\"overview-text\"><h3>Wassersport<\/h3><span class=\"btn read-more\">Mehr lesen<\/span><\/div><\/a><a href=\"https:\/\/www.groepenzeeland.nl\/de\/entdecken-sie-zeeland\/gruppenausflug\/\" class=\"col-blocks-3 tz-arrangementen-item\"><img decoding=\"async\" src=\"https:\/\/www.groepenzeeland.nl\/wp-content\/uploads\/2025\/09\/groepsuitje.jpg\" alt=\"\" class=\"attachment-medium size-medium not-transparent wp-post-image\"><div class=\"overview-text\"><h3>Gruppenausflug<\/h3><span class=\"btn read-more\">Mehr lesen<\/span><\/div><\/a><\/div><\/div><\/div>\n\n<style type='text\/css'>\n        #tz-spacer-69f37dfaa4ccc {\n            \n        }\n    <\/style><div id='tz-spacer-69f37dfaa4ccc' class='tz-spacer'><\/div>","protected":false},"excerpt":{"rendered":"<p>Die besten Kinderaktivit\u00e4ten in Zeeland Verbringen Sie Ihren Urlaub mit Kindern in einer gem\u00fctlichen Gruppenunterkunft in Zeeland, entdecken Sie die sch\u00f6nsten Ausflugsziele und erleben Sie unvergessliche Momente. Wie w\u00e4re es mit Laser Tag in Toversluis oder einem echten Piratenabenteuer im Het Arsenaal in Vlissingen? Sie k\u00f6nnen auch gemeinsam Minigolf spielen, in der Bowlingbahn ein paar [&hellip;]<\/p>\n","protected":false},"author":1,"featured_media":10735,"parent":10910,"menu_order":0,"comment_status":"closed","ping_status":"closed","template":"","meta":{"_acf_changed":false,"_tz_page_kind":"default","footnotes":""},"class_list":["post-10926","page","type-page","status-publish","has-post-thumbnail","hentry"],"acf":[],"_links":{"self":[{"href":"https:\/\/www.groepenzeeland.nl\/de\/wp-json\/wp\/v2\/pages\/10926","targetHints":{"allow":["GET"]}}],"collection":[{"href":"https:\/\/www.groepenzeeland.nl\/de\/wp-json\/wp\/v2\/pages"}],"about":[{"href":"https:\/\/www.groepenzeeland.nl\/de\/wp-json\/wp\/v2\/types\/page"}],"author":[{"embeddable":true,"href":"https:\/\/www.groepenzeeland.nl\/de\/wp-json\/wp\/v2\/users\/1"}],"replies":[{"embeddable":true,"href":"https:\/\/www.groepenzeeland.nl\/de\/wp-json\/wp\/v2\/comments?post=10926"}],"version-history":[{"count":3,"href":"https:\/\/www.groepenzeeland.nl\/de\/wp-json\/wp\/v2\/pages\/10926\/revisions"}],"predecessor-version":[{"id":10946,"href":"https:\/\/www.groepenzeeland.nl\/de\/wp-json\/wp\/v2\/pages\/10926\/revisions\/10946"}],"up":[{"embeddable":true,"href":"https:\/\/www.groepenzeeland.nl\/de\/wp-json\/wp\/v2\/pages\/10910"}],"wp:featuredmedia":[{"embeddable":true,"href":"https:\/\/www.groepenzeeland.nl\/de\/wp-json\/wp\/v2\/media\/10735"}],"wp:attachment":[{"href":"https:\/\/www.groepenzeeland.nl\/de\/wp-json\/wp\/v2\/media?parent=10926"}],"curies":[{"name":"wp","href":"https:\/\/api.w.org\/{rel}","templated":true}]}}