{"id":10922,"date":"2025-09-02T12:41:24","date_gmt":"2025-09-02T12:41:24","guid":{"rendered":"https:\/\/www.groepenzeeland.nl\/?page_id=10922"},"modified":"2025-11-05T15:38:29","modified_gmt":"2025-11-05T15:38:29","slug":"gruppenausflug","status":"publish","type":"page","link":"https:\/\/www.groepenzeeland.nl\/de\/entdecken-sie-zeeland\/gruppenausflug\/","title":{"rendered":"Gruppenausflug"},"content":{"rendered":"<style type=\"text\/css\">\n    .header-heights {\n        height: 60vh;\n    }\n    .header-heights.home {\n        height: 60vh;\n    }\n    @media (max-width: 767px) {\n        .header-heights {\n            height: 30vh;\n        }\n        .header-heights.home {\n            height: 40vh;\n        }\n    }\n<\/style><section class=\"header-img\">\n        <div class=\"img-inner header-heights\" style=\"background-image: url(https:\/\/www.groepenzeeland.nl\/wp-content\/uploads\/2025\/09\/header-1600x613.jpg);\"><div class=\"header_content_innner container\"><div class=\"header_txt\">\n                <h3>Viel Spa\u00df<\/h3><h2>in Zeeland<\/h2><\/div><div class=\"container zb-container\"><\/div><\/div><\/div><\/section>\n\n\n<h1 class=\"wp-block-heading\">Unterhaltsame Gruppenaktivit\u00e4ten in Zeeland im und um das Wasser<\/h1>\n\n\n\n<p>Suchen Sie nach einer tollen Gruppenaktivit\u00e4t in Zeeland? Unternehmen Sie zum Beispiel eine Bootstour auf den Gew\u00e4ssern Zeelands oder einen Kanu- oder Segelt\u00f6rn mit der ganzen Gruppe.<\/p>\n\n\n\n<p>Bevorzugen Sie Aktivit\u00e4ten an Land? An den Str\u00e4nden Zeelands werden verschiedene Strandkurse angeboten. Sie k\u00f6nnen aber auch bei einer Yogastunde am Veermansplaat am Meer entspannen oder einen kulinarischen Nachmittag in der Oesterij genie\u00dfen. Dort k\u00f6nnen Sie authentische Zeeland-Muscheln probieren.<\/p>\n\n\n\n<h2 class=\"wp-block-heading\">Sportliche Gruppenaktivit\u00e4ten in Zeeland<\/h2>\n\n\n\n<p>Nirgendwo sonst gibt es so viele fantastische Gruppenaktivit\u00e4ten wie in Zeeland. Wie w\u00e4re es mit Mountainbiken durch die wundersch\u00f6nen W\u00e4lder Zeelands, einer spa\u00dfigen Scooter-Tour, Strandbuggyfahren am breiten Sandstrand, abenteuerlichem Kajakfahren oder Bogenschie\u00dfen in der Gruppe? Und falls das noch nicht genug ist, k\u00f6nnen Sie auch bowlen, Paintball spielen oder bei Battlefield Live mitmachen, einem Laser-Tag-Spiel unter freiem Himmel auf einem realistischen Spielfeld. Kurz gesagt: Hier mangelt es nicht an Sportm\u00f6glichkeiten!<\/p>\n\n\n\n<h3 class=\"wp-block-heading\">Originelle Betriebsausfl\u00fcge in Zeeland<\/h3>\n\n\n\n<p>Suchen Sie nicht l\u00e4nger nach originellen Betriebsausfl\u00fcgen in Zeeland! Wie w\u00e4re es zum Beispiel mit Skifahren auf unber\u00fchrtem Schnee im Skid\u00f4me Terneuzen? Oder Sie unternehmen einen Hubschrauberrundflug \u00fcber die Provinz Zeeland, nehmen an verschiedenen Workshops teil oder probieren ArcheryTag aus \u2013 eine Kombination aus Paintball und Bogenschie\u00dfen. Was auch immer der Tag bringt: In den D\u00f6rfern und St\u00e4dten Zeelands finden Sie zahlreiche hervorragende Restaurants, Caf\u00e9s und Strandpavillons mit k\u00f6stlichen Speisen und Getr\u00e4nken.<\/p>\n\n\n\n<h3 class=\"wp-block-heading\">Entdecken Sie auch<\/h3>\n\n\n<div class=\"overzicht-full-width normaal normaal\"><div class=\"container\"><div class=\"overview-txt\"><\/div><div class=\"overzicht-archive row tz-blocks\"><a href=\"https:\/\/www.groepenzeeland.nl\/de\/entdecken-sie-zeeland\/tagesausflug\/\" class=\"col-blocks-3 tz-arrangementen-item\"><img decoding=\"async\" src=\"https:\/\/www.groepenzeeland.nl\/wp-content\/uploads\/2025\/09\/dagje_uit.jpg\" alt=\"\" class=\"attachment-medium size-medium not-transparent wp-post-image\"><div class=\"overview-text\"><h3>Tagesausflug<\/h3><span class=\"btn read-more\">Mehr lesen<\/span><\/div><\/a><a href=\"https:\/\/www.groepenzeeland.nl\/de\/entdecken-sie-zeeland\/umgebung\/\" class=\"col-blocks-3 tz-arrangementen-item\"><img decoding=\"async\" src=\"https:\/\/www.groepenzeeland.nl\/wp-content\/uploads\/2025\/09\/omgeving.jpg\" alt=\"\" class=\"attachment-medium size-medium not-transparent wp-post-image\"><div class=\"overview-text\"><h3>Umgebung <\/h3><span class=\"btn read-more\">Mehr lesen<\/span><\/div><\/a><a href=\"https:\/\/www.groepenzeeland.nl\/de\/entdecken-sie-zeeland\/aktiv-unterwegs\/\" class=\"col-blocks-3 tz-arrangementen-item\"><img decoding=\"async\" src=\"https:\/\/www.groepenzeeland.nl\/wp-content\/uploads\/2025\/09\/actief.jpg\" alt=\"\" class=\"attachment-medium size-medium not-transparent wp-post-image\"><div class=\"overview-text\"><h3>aktiv unterwegs<\/h3><span class=\"btn read-more\">Mehr lesen<\/span><\/div><\/a><a href=\"https:\/\/www.groepenzeeland.nl\/de\/entdecken-sie-zeeland\/mit-den-kindern\/\" class=\"col-blocks-3 tz-arrangementen-item\"><img decoding=\"async\" src=\"https:\/\/www.groepenzeeland.nl\/wp-content\/uploads\/2025\/09\/kinderen.jpg\" alt=\"\" class=\"attachment-medium size-medium not-transparent wp-post-image\"><div class=\"overview-text\"><h3>Mit den Kindern<\/h3><span class=\"btn read-more\">Mehr lesen<\/span><\/div><\/a><a href=\"https:\/\/www.groepenzeeland.nl\/de\/entdecken-sie-zeeland\/wassersport\/\" class=\"col-blocks-3 tz-arrangementen-item\"><img decoding=\"async\" src=\"https:\/\/www.groepenzeeland.nl\/wp-content\/uploads\/2025\/09\/watersport.jpg\" alt=\"\" class=\"attachment-medium size-medium not-transparent wp-post-image\"><div class=\"overview-text\"><h3>Wassersport<\/h3><span class=\"btn read-more\">Mehr lesen<\/span><\/div><\/a><a href=\"https:\/\/www.groepenzeeland.nl\/de\/entdecken-sie-zeeland\/gruppenausflug\/\" class=\"col-blocks-3 tz-arrangementen-item\"><img decoding=\"async\" src=\"https:\/\/www.groepenzeeland.nl\/wp-content\/uploads\/2025\/09\/groepsuitje.jpg\" alt=\"\" class=\"attachment-medium size-medium not-transparent wp-post-image\"><div class=\"overview-text\"><h3>Gruppenausflug<\/h3><span class=\"btn read-more\">Mehr lesen<\/span><\/div><\/a><\/div><\/div><\/div>\n\n<style type='text\/css'>\n        #tz-spacer-69f36fe5333c9 {\n            \n        }\n    <\/style><div id='tz-spacer-69f36fe5333c9' class='tz-spacer'><\/div>","protected":false},"excerpt":{"rendered":"<p>Unterhaltsame Gruppenaktivit\u00e4ten in Zeeland im und um das Wasser Suchen Sie nach einer tollen Gruppenaktivit\u00e4t in Zeeland? Unternehmen Sie zum Beispiel eine Bootstour auf den Gew\u00e4ssern Zeelands oder einen Kanu- oder Segelt\u00f6rn mit der ganzen Gruppe. Bevorzugen Sie Aktivit\u00e4ten an Land? An den Str\u00e4nden Zeelands werden verschiedene Strandkurse angeboten. Sie k\u00f6nnen aber auch bei einer [&hellip;]<\/p>\n","protected":false},"author":1,"featured_media":10731,"parent":10910,"menu_order":0,"comment_status":"closed","ping_status":"closed","template":"","meta":{"_acf_changed":false,"_tz_page_kind":"default","footnotes":""},"class_list":["post-10922","page","type-page","status-publish","has-post-thumbnail","hentry"],"acf":[],"_links":{"self":[{"href":"https:\/\/www.groepenzeeland.nl\/de\/wp-json\/wp\/v2\/pages\/10922","targetHints":{"allow":["GET"]}}],"collection":[{"href":"https:\/\/www.groepenzeeland.nl\/de\/wp-json\/wp\/v2\/pages"}],"about":[{"href":"https:\/\/www.groepenzeeland.nl\/de\/wp-json\/wp\/v2\/types\/page"}],"author":[{"embeddable":true,"href":"https:\/\/www.groepenzeeland.nl\/de\/wp-json\/wp\/v2\/users\/1"}],"replies":[{"embeddable":true,"href":"https:\/\/www.groepenzeeland.nl\/de\/wp-json\/wp\/v2\/comments?post=10922"}],"version-history":[{"count":3,"href":"https:\/\/www.groepenzeeland.nl\/de\/wp-json\/wp\/v2\/pages\/10922\/revisions"}],"predecessor-version":[{"id":10945,"href":"https:\/\/www.groepenzeeland.nl\/de\/wp-json\/wp\/v2\/pages\/10922\/revisions\/10945"}],"up":[{"embeddable":true,"href":"https:\/\/www.groepenzeeland.nl\/de\/wp-json\/wp\/v2\/pages\/10910"}],"wp:featuredmedia":[{"embeddable":true,"href":"https:\/\/www.groepenzeeland.nl\/de\/wp-json\/wp\/v2\/media\/10731"}],"wp:attachment":[{"href":"https:\/\/www.groepenzeeland.nl\/de\/wp-json\/wp\/v2\/media?parent=10922"}],"curies":[{"name":"wp","href":"https:\/\/api.w.org\/{rel}","templated":true}]}}