{"id":10918,"date":"2025-09-02T12:26:02","date_gmt":"2025-09-02T12:26:02","guid":{"rendered":"https:\/\/www.groepenzeeland.nl\/?page_id=10918"},"modified":"2025-11-05T15:39:33","modified_gmt":"2025-11-05T15:39:33","slug":"tagesausflug","status":"publish","type":"page","link":"https:\/\/www.groepenzeeland.nl\/de\/entdecken-sie-zeeland\/tagesausflug\/","title":{"rendered":"Tagesausflug"},"content":{"rendered":"<style type=\"text\/css\">\n    .header-heights {\n        height: 60vh;\n    }\n    .header-heights.home {\n        height: 60vh;\n    }\n    @media (max-width: 767px) {\n        .header-heights {\n            height: 30vh;\n        }\n        .header-heights.home {\n            height: 40vh;\n        }\n    }\n<\/style><section class=\"header-img\">\n        <div class=\"img-inner header-heights\" style=\"background-image: url(https:\/\/www.groepenzeeland.nl\/wp-content\/uploads\/2025\/09\/header-1600x613.jpg);\"><div class=\"header_content_innner container\"><div class=\"header_txt\">\n                <h3>Viel Spa\u00df<\/h3><h2>in Zeeland<\/h2><\/div><div class=\"container zb-container\"><\/div><\/div><\/div><\/section>\n\n\n<h1 class=\"wp-block-heading\">Erleben Sie die tollsten Aktivit\u00e4ten in Zeeland!<\/h1>\n\n\n\n<p>Erkunden Sie Zeeland und entdecken Sie die sch\u00f6nsten Aktivit\u00e4ten. Genie\u00dfen Sie die Natursch\u00f6nheiten von Walcheren, Sonne, Meer und Strand oder g\u00f6nnen Sie sich eine Shoppingtour in den exklusiven Einkaufszentren von Vlissingen oder Den Haag.<\/p>\n\n\n\n<p>Im Delta Park Neeltje Jans k\u00f6nnen Sie eine Bootsfahrt auf der Oosterschelde unternehmen oder die fantastischen Wasserrutschen im spritzigen Wasserpark hinuntersausen. Ben\u00f6tigen Sie einen Transport? Dann steigen Sie in ein einzigartiges Wassertaxi und erleben Sie etwas v\u00f6llig Neues!<\/p>\n\n\n\n<h2 class=\"wp-block-heading\">Ein fantastischer Tag mit dem Fahrrad in Zeeland<\/h2>\n\n\n\n<p>Erkunden Sie die Highlights der Provinz Zeeland mit dem Fahrrad und genie\u00dfen Sie einen fantastischen Tag. Entdecken Sie wundersch\u00f6ne Wander- und Radwege durch die D\u00fcnen, vorbei an charmanten K\u00fcstenorten wie Renesse oder Domburg und durch die St\u00e4dte Zeelands. Sind Sie ein echter Kulturfan? Besuchen Sie beeindruckende Museen wie das Flutmuseum oder entdecken Sie geschichtstr\u00e4chtige Boote im Museumshafen in Zierikzee. Was auch immer Ihr Tag bringt, Sie k\u00f6nnen jederzeit und \u00fcberall in einem der charmanten Restaurants oder Strandpavillons Zeelands k\u00f6stliche Gerichte oder eine andere leckere Mahlzeit genie\u00dfen.<\/p>\n\n\n\n<h3 class=\"wp-block-heading\">Entdecken Sie Zeelands wundersch\u00f6ne wei\u00dfe Sandstr\u00e4nde und Wassersportm\u00f6glichkeiten<\/h3>\n\n\n\n<p>Denkt man an einen Tagesausflug nach Zeeland, kommen einem wahrscheinlich Strand und Wassersport in den Sinn! Und das zu Recht, denn Zeelands wei\u00dfe Sandstr\u00e4nde zaubern jedem ein L\u00e4cheln ins Gesicht. Die M\u00f6glichkeiten sind schier unendlich. Man kann sich sonnen, Volleyball spielen oder in einem Strandpavillon ein erfrischendes Getr\u00e4nk genie\u00dfen, w\u00e4hrend die Kinder unbeschwert Sandd\u00e4mme bauen. Lust auf Action? Zeeland bietet wundersch\u00f6ne Tauchspots wie den Grevelingensee und den Brouwersdam. Auch Kitesurfer finden hier fantastische Surfspots.<\/p>\n\n\n\n<h3 class=\"wp-block-heading\">Entdecken Sie auch<\/h3>\n\n\n<div class=\"overzicht-full-width normaal normaal\"><div class=\"container\"><div class=\"overview-txt\"><\/div><div class=\"overzicht-archive row tz-blocks\"><a href=\"https:\/\/www.groepenzeeland.nl\/de\/entdecken-sie-zeeland\/tagesausflug\/\" class=\"col-blocks-3 tz-arrangementen-item\"><img decoding=\"async\" src=\"https:\/\/www.groepenzeeland.nl\/wp-content\/uploads\/2025\/09\/dagje_uit.jpg\" alt=\"\" class=\"attachment-medium size-medium not-transparent wp-post-image\"><div class=\"overview-text\"><h3>Tagesausflug<\/h3><span class=\"btn read-more\">Mehr lesen<\/span><\/div><\/a><a href=\"https:\/\/www.groepenzeeland.nl\/de\/entdecken-sie-zeeland\/umgebung\/\" class=\"col-blocks-3 tz-arrangementen-item\"><img decoding=\"async\" src=\"https:\/\/www.groepenzeeland.nl\/wp-content\/uploads\/2025\/09\/omgeving.jpg\" alt=\"\" class=\"attachment-medium size-medium not-transparent wp-post-image\"><div class=\"overview-text\"><h3>Umgebung <\/h3><span class=\"btn read-more\">Mehr lesen<\/span><\/div><\/a><a href=\"https:\/\/www.groepenzeeland.nl\/de\/entdecken-sie-zeeland\/aktiv-unterwegs\/\" class=\"col-blocks-3 tz-arrangementen-item\"><img decoding=\"async\" src=\"https:\/\/www.groepenzeeland.nl\/wp-content\/uploads\/2025\/09\/actief.jpg\" alt=\"\" class=\"attachment-medium size-medium not-transparent wp-post-image\"><div class=\"overview-text\"><h3>aktiv unterwegs<\/h3><span class=\"btn read-more\">Mehr lesen<\/span><\/div><\/a><a href=\"https:\/\/www.groepenzeeland.nl\/de\/entdecken-sie-zeeland\/mit-den-kindern\/\" class=\"col-blocks-3 tz-arrangementen-item\"><img decoding=\"async\" src=\"https:\/\/www.groepenzeeland.nl\/wp-content\/uploads\/2025\/09\/kinderen.jpg\" alt=\"\" class=\"attachment-medium size-medium not-transparent wp-post-image\"><div class=\"overview-text\"><h3>Mit den Kindern<\/h3><span class=\"btn read-more\">Mehr lesen<\/span><\/div><\/a><a href=\"https:\/\/www.groepenzeeland.nl\/de\/entdecken-sie-zeeland\/wassersport\/\" class=\"col-blocks-3 tz-arrangementen-item\"><img decoding=\"async\" src=\"https:\/\/www.groepenzeeland.nl\/wp-content\/uploads\/2025\/09\/watersport.jpg\" alt=\"\" class=\"attachment-medium size-medium not-transparent wp-post-image\"><div class=\"overview-text\"><h3>Wassersport<\/h3><span class=\"btn read-more\">Mehr lesen<\/span><\/div><\/a><a href=\"https:\/\/www.groepenzeeland.nl\/de\/entdecken-sie-zeeland\/gruppenausflug\/\" class=\"col-blocks-3 tz-arrangementen-item\"><img decoding=\"async\" src=\"https:\/\/www.groepenzeeland.nl\/wp-content\/uploads\/2025\/09\/groepsuitje.jpg\" alt=\"\" class=\"attachment-medium size-medium not-transparent wp-post-image\"><div class=\"overview-text\"><h3>Gruppenausflug<\/h3><span class=\"btn read-more\">Mehr lesen<\/span><\/div><\/a><\/div><\/div><\/div>\n\n<style type='text\/css'>\n        #tz-spacer-69f37e364ffe5 {\n            \n        }\n    <\/style><div id='tz-spacer-69f37e364ffe5' class='tz-spacer'><\/div>","protected":false},"excerpt":{"rendered":"<p>Erleben Sie die tollsten Aktivit\u00e4ten in Zeeland! Erkunden Sie Zeeland und entdecken Sie die sch\u00f6nsten Aktivit\u00e4ten. Genie\u00dfen Sie die Natursch\u00f6nheiten von Walcheren, Sonne, Meer und Strand oder g\u00f6nnen Sie sich eine Shoppingtour in den exklusiven Einkaufszentren von Vlissingen oder Den Haag. Im Delta Park Neeltje Jans k\u00f6nnen Sie eine Bootsfahrt auf der Oosterschelde unternehmen oder [&hellip;]<\/p>\n","protected":false},"author":1,"featured_media":10739,"parent":10910,"menu_order":0,"comment_status":"closed","ping_status":"closed","template":"","meta":{"_acf_changed":false,"_tz_page_kind":"default","footnotes":""},"class_list":["post-10918","page","type-page","status-publish","has-post-thumbnail","hentry"],"acf":[],"_links":{"self":[{"href":"https:\/\/www.groepenzeeland.nl\/de\/wp-json\/wp\/v2\/pages\/10918","targetHints":{"allow":["GET"]}}],"collection":[{"href":"https:\/\/www.groepenzeeland.nl\/de\/wp-json\/wp\/v2\/pages"}],"about":[{"href":"https:\/\/www.groepenzeeland.nl\/de\/wp-json\/wp\/v2\/types\/page"}],"author":[{"embeddable":true,"href":"https:\/\/www.groepenzeeland.nl\/de\/wp-json\/wp\/v2\/users\/1"}],"replies":[{"embeddable":true,"href":"https:\/\/www.groepenzeeland.nl\/de\/wp-json\/wp\/v2\/comments?post=10918"}],"version-history":[{"count":3,"href":"https:\/\/www.groepenzeeland.nl\/de\/wp-json\/wp\/v2\/pages\/10918\/revisions"}],"predecessor-version":[{"id":10948,"href":"https:\/\/www.groepenzeeland.nl\/de\/wp-json\/wp\/v2\/pages\/10918\/revisions\/10948"}],"up":[{"embeddable":true,"href":"https:\/\/www.groepenzeeland.nl\/de\/wp-json\/wp\/v2\/pages\/10910"}],"wp:featuredmedia":[{"embeddable":true,"href":"https:\/\/www.groepenzeeland.nl\/de\/wp-json\/wp\/v2\/media\/10739"}],"wp:attachment":[{"href":"https:\/\/www.groepenzeeland.nl\/de\/wp-json\/wp\/v2\/media?parent=10918"}],"curies":[{"name":"wp","href":"https:\/\/api.w.org\/{rel}","templated":true}]}}