{"id":10914,"date":"2025-09-02T12:34:51","date_gmt":"2025-09-02T12:34:51","guid":{"rendered":"https:\/\/www.groepenzeeland.nl\/?page_id=10914"},"modified":"2025-11-05T15:37:57","modified_gmt":"2025-11-05T15:37:57","slug":"aktiv-unterwegs","status":"publish","type":"page","link":"https:\/\/www.groepenzeeland.nl\/de\/entdecken-sie-zeeland\/aktiv-unterwegs\/","title":{"rendered":"aktiv unterwegs"},"content":{"rendered":"<style type=\"text\/css\">\n    .header-heights {\n        height: 60vh;\n    }\n    .header-heights.home {\n        height: 60vh;\n    }\n    @media (max-width: 767px) {\n        .header-heights {\n            height: 30vh;\n        }\n        .header-heights.home {\n            height: 40vh;\n        }\n    }\n<\/style><section class=\"header-img\">\n        <div class=\"img-inner header-heights\" style=\"background-image: url(https:\/\/www.groepenzeeland.nl\/wp-content\/uploads\/2025\/09\/header-1600x613.jpg);\"><div class=\"header_content_innner container\"><div class=\"header_txt\">\n                <h3>Viel Spa\u00df<\/h3><h2>in Zeeland<\/h2><\/div><div class=\"container zb-container\"><\/div><\/div><\/div><\/section>\n\n\n<h1 class=\"wp-block-heading\">Verr\u00fcckte Aktivit\u00e4ten in den Gew\u00e4ssern rund um Zeeland<\/h1>\n\n\n\n<p>Entspannung ist wichtig, aber die fantastischen Aktivit\u00e4ten in Zeeland wecken garantiert den sportlichen Geist in jedem. Genie\u00dfen Sie zum Beispiel Wanderungen oder Radtouren auf traumhaften Routen durch W\u00e4lder, D\u00fcnen und entlang der Str\u00e4nde Zeelands oder w\u00e4hlen Sie eine andere Variante. Wie w\u00e4re es mit Strandsegeln? Die M\u00f6glichkeiten sind schier unendlich. Nach ein paar aktiven Stunden k\u00f6nnen Sie sich in einem gem\u00fctlichen Strandpavillon bei einem leckeren Snack und einem Getr\u00e4nk entspannen \u2013 und nat\u00fcrlich die Aussicht genie\u00dfen.<\/p>\n\n\n\n<h2 class=\"wp-block-heading\">Aktivit\u00e4ten in und auf den Gew\u00e4ssern von Zeeland<\/h2>\n\n\n\n<p>Wassersportbegeistert? Dann sind Sie in Zeeland genau richtig! Die Provinz bietet einige der sch\u00f6nsten Kitesurf- und Tauchspots. Der Grevelingensee und die Oosterschelde beeindrucken mit atemberaubenden Unterwasserwelten, aber auch auf dem Wasser selbst gibt es fantastische M\u00f6glichkeiten. Unternehmen Sie eine traumhafte Kreuzfahrt auf einem eleganten Segelboot oder einer Luxusyacht und erleben Sie einen unvergesslichen Tag mit Familie, Freunden oder Kollegen. Mal sehen, wer zuerst die Robben entdeckt!<\/p>\n\n\n\n<h3 class=\"wp-block-heading\">Die besten Familien- und Gruppenaktivit\u00e4ten<\/h3>\n\n\n\n<p>Erkundet mit eurer Gruppe die Umgebung und erlebt fantastische Aktivit\u00e4ten. Versucht, beim Bowling so schnell wie m\u00f6glich einen Strike zu erzielen, springt in einen der tropischen Pools, unternehmt eine malerische Solex-Tour durch die sch\u00f6nsten Gegenden Zeelands oder besucht mit den Kindern den Kletterwald Klimbos Zeeuwse Helden. Der tropische Zoo Berkenhof mit seinen vielen Tieren und Attraktionen ist ebenfalls ein tolles Erlebnis f\u00fcr Jung und Alt. Wusstet ihr schon, dass man im Skid\u00f4me Terneuzen sogar Ski fahren kann? In Zeeland ist nichts zu verr\u00fcckt!<\/p>\n\n\n\n<h3 class=\"wp-block-heading\">Entdecken Sie auch<\/h3>\n\n\n<div class=\"overzicht-full-width normaal normaal\"><div class=\"container\"><div class=\"overview-txt\"><\/div><div class=\"overzicht-archive row tz-blocks\"><a href=\"https:\/\/www.groepenzeeland.nl\/de\/entdecken-sie-zeeland\/tagesausflug\/\" class=\"col-blocks-3 tz-arrangementen-item\"><img decoding=\"async\" src=\"https:\/\/www.groepenzeeland.nl\/wp-content\/uploads\/2025\/09\/dagje_uit.jpg\" alt=\"\" class=\"attachment-medium size-medium not-transparent wp-post-image\"><div class=\"overview-text\"><h3>Tagesausflug<\/h3><span class=\"btn read-more\">Mehr lesen<\/span><\/div><\/a><a href=\"https:\/\/www.groepenzeeland.nl\/de\/entdecken-sie-zeeland\/umgebung\/\" class=\"col-blocks-3 tz-arrangementen-item\"><img decoding=\"async\" src=\"https:\/\/www.groepenzeeland.nl\/wp-content\/uploads\/2025\/09\/omgeving.jpg\" alt=\"\" class=\"attachment-medium size-medium not-transparent wp-post-image\"><div class=\"overview-text\"><h3>Umgebung <\/h3><span class=\"btn read-more\">Mehr lesen<\/span><\/div><\/a><a href=\"https:\/\/www.groepenzeeland.nl\/de\/entdecken-sie-zeeland\/aktiv-unterwegs\/\" class=\"col-blocks-3 tz-arrangementen-item\"><img decoding=\"async\" src=\"https:\/\/www.groepenzeeland.nl\/wp-content\/uploads\/2025\/09\/actief.jpg\" alt=\"\" class=\"attachment-medium size-medium not-transparent wp-post-image\"><div class=\"overview-text\"><h3>aktiv unterwegs<\/h3><span class=\"btn read-more\">Mehr lesen<\/span><\/div><\/a><a href=\"https:\/\/www.groepenzeeland.nl\/de\/entdecken-sie-zeeland\/mit-den-kindern\/\" class=\"col-blocks-3 tz-arrangementen-item\"><img decoding=\"async\" src=\"https:\/\/www.groepenzeeland.nl\/wp-content\/uploads\/2025\/09\/kinderen.jpg\" alt=\"\" class=\"attachment-medium size-medium not-transparent wp-post-image\"><div class=\"overview-text\"><h3>Mit den Kindern<\/h3><span class=\"btn read-more\">Mehr lesen<\/span><\/div><\/a><a href=\"https:\/\/www.groepenzeeland.nl\/de\/entdecken-sie-zeeland\/wassersport\/\" class=\"col-blocks-3 tz-arrangementen-item\"><img decoding=\"async\" src=\"https:\/\/www.groepenzeeland.nl\/wp-content\/uploads\/2025\/09\/watersport.jpg\" alt=\"\" class=\"attachment-medium size-medium not-transparent wp-post-image\"><div class=\"overview-text\"><h3>Wassersport<\/h3><span class=\"btn read-more\">Mehr lesen<\/span><\/div><\/a><a href=\"https:\/\/www.groepenzeeland.nl\/de\/entdecken-sie-zeeland\/gruppenausflug\/\" class=\"col-blocks-3 tz-arrangementen-item\"><img decoding=\"async\" src=\"https:\/\/www.groepenzeeland.nl\/wp-content\/uploads\/2025\/09\/groepsuitje.jpg\" alt=\"\" class=\"attachment-medium size-medium not-transparent wp-post-image\"><div class=\"overview-text\"><h3>Gruppenausflug<\/h3><span class=\"btn read-more\">Mehr lesen<\/span><\/div><\/a><\/div><\/div><\/div>\n\n<style type='text\/css'>\n        #tz-spacer-69f60303a8e98 {\n            \n        }\n    <\/style><div id='tz-spacer-69f60303a8e98' class='tz-spacer'><\/div>","protected":false},"excerpt":{"rendered":"<p>Verr\u00fcckte Aktivit\u00e4ten in den Gew\u00e4ssern rund um Zeeland Entspannung ist wichtig, aber die fantastischen Aktivit\u00e4ten in Zeeland wecken garantiert den sportlichen Geist in jedem. Genie\u00dfen Sie zum Beispiel Wanderungen oder Radtouren auf traumhaften Routen durch W\u00e4lder, D\u00fcnen und entlang der Str\u00e4nde Zeelands oder w\u00e4hlen Sie eine andere Variante. Wie w\u00e4re es mit Strandsegeln? Die M\u00f6glichkeiten [&hellip;]<\/p>\n","protected":false},"author":1,"featured_media":10575,"parent":10910,"menu_order":0,"comment_status":"closed","ping_status":"closed","template":"","meta":{"_acf_changed":false,"_tz_page_kind":"default","footnotes":""},"class_list":["post-10914","page","type-page","status-publish","has-post-thumbnail","hentry"],"acf":[],"_links":{"self":[{"href":"https:\/\/www.groepenzeeland.nl\/de\/wp-json\/wp\/v2\/pages\/10914","targetHints":{"allow":["GET"]}}],"collection":[{"href":"https:\/\/www.groepenzeeland.nl\/de\/wp-json\/wp\/v2\/pages"}],"about":[{"href":"https:\/\/www.groepenzeeland.nl\/de\/wp-json\/wp\/v2\/types\/page"}],"author":[{"embeddable":true,"href":"https:\/\/www.groepenzeeland.nl\/de\/wp-json\/wp\/v2\/users\/1"}],"replies":[{"embeddable":true,"href":"https:\/\/www.groepenzeeland.nl\/de\/wp-json\/wp\/v2\/comments?post=10914"}],"version-history":[{"count":3,"href":"https:\/\/www.groepenzeeland.nl\/de\/wp-json\/wp\/v2\/pages\/10914\/revisions"}],"predecessor-version":[{"id":10943,"href":"https:\/\/www.groepenzeeland.nl\/de\/wp-json\/wp\/v2\/pages\/10914\/revisions\/10943"}],"up":[{"embeddable":true,"href":"https:\/\/www.groepenzeeland.nl\/de\/wp-json\/wp\/v2\/pages\/10910"}],"wp:featuredmedia":[{"embeddable":true,"href":"https:\/\/www.groepenzeeland.nl\/de\/wp-json\/wp\/v2\/media\/10575"}],"wp:attachment":[{"href":"https:\/\/www.groepenzeeland.nl\/de\/wp-json\/wp\/v2\/media?parent=10914"}],"curies":[{"name":"wp","href":"https:\/\/api.w.org\/{rel}","templated":true}]}}