{"id":10534,"date":"2025-05-21T08:08:27","date_gmt":"2025-05-21T08:08:27","guid":{"rendered":"https:\/\/www.groepenzeeland.nl\/?page_id=10534"},"modified":"2025-12-04T09:38:20","modified_gmt":"2025-12-04T09:38:20","slug":"reservierungsanfrage","status":"publish","type":"page","link":"https:\/\/www.groepenzeeland.nl\/de\/reservierungsanfrage\/","title":{"rendered":"Reservierungsanfrage"},"content":{"rendered":"\n<h1 class=\"wp-block-heading\">Reservierungsanfrage<\/h1>\n\n\n\n<p>Mit GroepenZeeland senden Sie eine Reservierungsanfrage direkt an den Anbieter. Dieser pr\u00fcft Ihre Anfrage und best\u00e4tigt anschlie\u00dfend Ihren Aufenthalt. So ist ein pers\u00f6nlicher Kontakt und eine klare Vereinbarung gew\u00e4hrleistet. Sie erhalten au\u00dferdem eine Best\u00e4tigung Ihrer Anfrage vom Anbieter.<\/p>\n\n\n<div class=\"harbor-main-widget\">\r\n<div is=\"booking-v3\" :scroll-offset=\"150\" confirm-location=\"\/reservierungsanfrage-gesendet\" :animate-articles=\"true\"  :languages=\"{nl:'Nederlands',de:'Duits',en:'Engels',fr:'Frans'}\" :location-icon-size=\"[40, 40]\" :terms=\"[{ title: 'Algemene Voorwaarden', link: '\/images\/algemene_voorwaarden.pdf' }]\" :analytics=\"true\" :scrolling=\"false\" :max-articles=\"5\" :scroll-variation=\"0\" :show-discount-code=\"true\" :info-on-zoom-mobile=\"true\" :enable-login=\"false\" :show-back-page-btn=\"false\" :global=\"true\" :show-date-select-button=\"false\" :enable-package-selection=\"true\" :is-package-carousel=\"true\" class=\"open-calendar\" :show-info-of-booking-details=\"true\" default-salutation=\"sam\" :additional-fields=\"['licenceNumber']\" :short-personal-data=\"false\" :disable-month-change-on-select=\"true\" :is-disable-bound-box=\"true\">&nbsp;<\/div>\r\n<\/div> \n\n<style type='text\/css'>\n        #tz-spacer-69f3b740526a4 {\n            \n        }\n    <\/style><div id='tz-spacer-69f3b740526a4' class='tz-spacer'><\/div>","protected":false},"excerpt":{"rendered":"<p>Reservierungsanfrage Mit GroepenZeeland senden Sie eine Reservierungsanfrage direkt an den Anbieter. Dieser pr\u00fcft Ihre Anfrage und best\u00e4tigt anschlie\u00dfend Ihren Aufenthalt. So ist ein pers\u00f6nlicher Kontakt und eine klare Vereinbarung gew\u00e4hrleistet. Sie erhalten au\u00dferdem eine Best\u00e4tigung Ihrer Anfrage vom Anbieter.<\/p>\n","protected":false},"author":1,"featured_media":10575,"parent":0,"menu_order":0,"comment_status":"closed","ping_status":"closed","template":"","meta":{"_acf_changed":false,"_tz_page_kind":"default","footnotes":""},"class_list":["post-10534","page","type-page","status-publish","has-post-thumbnail","hentry"],"acf":[],"_links":{"self":[{"href":"https:\/\/www.groepenzeeland.nl\/de\/wp-json\/wp\/v2\/pages\/10534","targetHints":{"allow":["GET"]}}],"collection":[{"href":"https:\/\/www.groepenzeeland.nl\/de\/wp-json\/wp\/v2\/pages"}],"about":[{"href":"https:\/\/www.groepenzeeland.nl\/de\/wp-json\/wp\/v2\/types\/page"}],"author":[{"embeddable":true,"href":"https:\/\/www.groepenzeeland.nl\/de\/wp-json\/wp\/v2\/users\/1"}],"replies":[{"embeddable":true,"href":"https:\/\/www.groepenzeeland.nl\/de\/wp-json\/wp\/v2\/comments?post=10534"}],"version-history":[{"count":5,"href":"https:\/\/www.groepenzeeland.nl\/de\/wp-json\/wp\/v2\/pages\/10534\/revisions"}],"predecessor-version":[{"id":11114,"href":"https:\/\/www.groepenzeeland.nl\/de\/wp-json\/wp\/v2\/pages\/10534\/revisions\/11114"}],"wp:featuredmedia":[{"embeddable":true,"href":"https:\/\/www.groepenzeeland.nl\/de\/wp-json\/wp\/v2\/media\/10575"}],"wp:attachment":[{"href":"https:\/\/www.groepenzeeland.nl\/de\/wp-json\/wp\/v2\/media?parent=10534"}],"curies":[{"name":"wp","href":"https:\/\/api.w.org\/{rel}","templated":true}]}}